{"id":19372,"date":"2023-02-27T15:46:30","date_gmt":"2023-02-27T15:46:30","guid":{"rendered":"https:\/\/gfhoteles.com\/mejor-precio-garantizado\/"},"modified":"2023-04-12T13:12:24","modified_gmt":"2023-04-12T13:12:24","slug":"bestpreis-garantie","status":"publish","type":"page","link":"https:\/\/gfhoteles.thethinkin.com\/de\/bestpreis-garantie\/","title":{"rendered":"Bestpreis-Garantie"},"content":{"rendered":"\t\t<div data-elementor-type=\"wp-page\" data-elementor-id=\"19372\" class=\"elementor elementor-19372 elementor-7429\" data-elementor-post-type=\"page\">\n\t\t\t\t<div data-dce-background-image-url=\"https:\/\/gfhoteles.thethinkin.com\/wp-content\/uploads\/2023\/03\/GF-VICTORIA-Jardin-del-Sol3.webp\" class=\"elementor-element elementor-element-10e43e4 e-con-full e-flex e-con e-parent\" data-id=\"10e43e4\" data-element_type=\"container\" data-settings=\"{&quot;background_background&quot;:&quot;classic&quot;}\">\n\t\t\t\t<\/div>\n\t\t<div class=\"elementor-element elementor-element-6b7f001 e-flex e-con-boxed e-con e-parent\" data-id=\"6b7f001\" data-element_type=\"container\">\n\t\t\t\t\t<div class=\"e-con-inner\">\n\t\t\t\t<div class=\"elementor-element elementor-element-33c7aa5 elementor-widget elementor-widget-bdt-breadcrumbs\" data-id=\"33c7aa5\" data-element_type=\"widget\" data-widget_type=\"bdt-breadcrumbs.default\">\n\t\t\t\t<div class=\"elementor-widget-container\">\n\t\t\t<div class='bdt-ep-breadcrumbs-wrapper'><ul class=\"bdt-ep-breadcrumb breadcrumb-align-left  \"><li><a href=\"https:\/\/gfhoteles.thethinkin.com\/de\/\"><span class=\"bdt-ep-breadcrumbs-home-icon\"> <i aria-hidden=\"true\" class=\"Array\"><\/i> <\/span>GF HOTELES<\/a><\/li>\n<li><span> Seite<\/span><\/li>\n<\/ul><\/div>\t\t<\/div>\n\t\t\t\t<\/div>\n\t\t\t\t<div class=\"elementor-element elementor-element-c4a81f3 elementor-widget__width-inherit elementor-widget elementor-widget-heading\" data-id=\"c4a81f3\" data-element_type=\"widget\" data-widget_type=\"heading.default\">\n\t\t\t\t<div class=\"elementor-widget-container\">\n\t\t\t<style>\/*! elementor - v3.23.0 - 15-07-2024 *\/\n.elementor-heading-title{padding:0;margin:0;line-height:1}.elementor-widget-heading .elementor-heading-title[class*=elementor-size-]>a{color:inherit;font-size:inherit;line-height:inherit}.elementor-widget-heading .elementor-heading-title.elementor-size-small{font-size:15px}.elementor-widget-heading .elementor-heading-title.elementor-size-medium{font-size:19px}.elementor-widget-heading .elementor-heading-title.elementor-size-large{font-size:29px}.elementor-widget-heading .elementor-heading-title.elementor-size-xl{font-size:39px}.elementor-widget-heading .elementor-heading-title.elementor-size-xxl{font-size:59px}<\/style><h1 class=\"elementor-heading-title elementor-size-default\">Bestpreis-Garantie<\/h1>\t\t<\/div>\n\t\t\t\t<\/div>\n\t\t\t\t<div class=\"elementor-element elementor-element-836c28e elementor-widget-divider--view-line elementor-widget elementor-widget-divider\" data-id=\"836c28e\" data-element_type=\"widget\" data-widget_type=\"divider.default\">\n\t\t\t\t<div class=\"elementor-widget-container\">\n\t\t\t<style>\/*! elementor - v3.23.0 - 15-07-2024 *\/\n.elementor-widget-divider{--divider-border-style:none;--divider-border-width:1px;--divider-color:#0c0d0e;--divider-icon-size:20px;--divider-element-spacing:10px;--divider-pattern-height:24px;--divider-pattern-size:20px;--divider-pattern-url:none;--divider-pattern-repeat:repeat-x}.elementor-widget-divider .elementor-divider{display:flex}.elementor-widget-divider .elementor-divider__text{font-size:15px;line-height:1;max-width:95%}.elementor-widget-divider .elementor-divider__element{margin:0 var(--divider-element-spacing);flex-shrink:0}.elementor-widget-divider .elementor-icon{font-size:var(--divider-icon-size)}.elementor-widget-divider .elementor-divider-separator{display:flex;margin:0;direction:ltr}.elementor-widget-divider--view-line_icon .elementor-divider-separator,.elementor-widget-divider--view-line_text .elementor-divider-separator{align-items:center}.elementor-widget-divider--view-line_icon .elementor-divider-separator:after,.elementor-widget-divider--view-line_icon .elementor-divider-separator:before,.elementor-widget-divider--view-line_text .elementor-divider-separator:after,.elementor-widget-divider--view-line_text .elementor-divider-separator:before{display:block;content:\"\";border-block-end:0;flex-grow:1;border-block-start:var(--divider-border-width) var(--divider-border-style) var(--divider-color)}.elementor-widget-divider--element-align-left .elementor-divider .elementor-divider-separator>.elementor-divider__svg:first-of-type{flex-grow:0;flex-shrink:100}.elementor-widget-divider--element-align-left .elementor-divider-separator:before{content:none}.elementor-widget-divider--element-align-left .elementor-divider__element{margin-left:0}.elementor-widget-divider--element-align-right .elementor-divider .elementor-divider-separator>.elementor-divider__svg:last-of-type{flex-grow:0;flex-shrink:100}.elementor-widget-divider--element-align-right .elementor-divider-separator:after{content:none}.elementor-widget-divider--element-align-right .elementor-divider__element{margin-right:0}.elementor-widget-divider--element-align-start .elementor-divider .elementor-divider-separator>.elementor-divider__svg:first-of-type{flex-grow:0;flex-shrink:100}.elementor-widget-divider--element-align-start .elementor-divider-separator:before{content:none}.elementor-widget-divider--element-align-start .elementor-divider__element{margin-inline-start:0}.elementor-widget-divider--element-align-end .elementor-divider .elementor-divider-separator>.elementor-divider__svg:last-of-type{flex-grow:0;flex-shrink:100}.elementor-widget-divider--element-align-end .elementor-divider-separator:after{content:none}.elementor-widget-divider--element-align-end .elementor-divider__element{margin-inline-end:0}.elementor-widget-divider:not(.elementor-widget-divider--view-line_text):not(.elementor-widget-divider--view-line_icon) .elementor-divider-separator{border-block-start:var(--divider-border-width) var(--divider-border-style) var(--divider-color)}.elementor-widget-divider--separator-type-pattern{--divider-border-style:none}.elementor-widget-divider--separator-type-pattern.elementor-widget-divider--view-line .elementor-divider-separator,.elementor-widget-divider--separator-type-pattern:not(.elementor-widget-divider--view-line) .elementor-divider-separator:after,.elementor-widget-divider--separator-type-pattern:not(.elementor-widget-divider--view-line) .elementor-divider-separator:before,.elementor-widget-divider--separator-type-pattern:not([class*=elementor-widget-divider--view]) .elementor-divider-separator{width:100%;min-height:var(--divider-pattern-height);-webkit-mask-size:var(--divider-pattern-size) 100%;mask-size:var(--divider-pattern-size) 100%;-webkit-mask-repeat:var(--divider-pattern-repeat);mask-repeat:var(--divider-pattern-repeat);background-color:var(--divider-color);-webkit-mask-image:var(--divider-pattern-url);mask-image:var(--divider-pattern-url)}.elementor-widget-divider--no-spacing{--divider-pattern-size:auto}.elementor-widget-divider--bg-round{--divider-pattern-repeat:round}.rtl .elementor-widget-divider .elementor-divider__text{direction:rtl}.e-con-inner>.elementor-widget-divider,.e-con>.elementor-widget-divider{width:var(--container-widget-width,100%);--flex-grow:var(--container-widget-flex-grow)}<\/style>\t\t<div class=\"elementor-divider\">\n\t\t\t<span class=\"elementor-divider-separator\">\n\t\t\t\t\t\t<\/span>\n\t\t<\/div>\n\t\t\t\t<\/div>\n\t\t\t\t<\/div>\n\t\t\t\t<div class=\"elementor-element elementor-element-0e01aa9 elementor-widget elementor-widget-text-editor\" data-id=\"0e01aa9\" data-element_type=\"widget\" data-widget_type=\"text-editor.default\">\n\t\t\t\t<div class=\"elementor-widget-container\">\n\t\t\t<style>\/*! elementor - v3.23.0 - 15-07-2024 *\/\n.elementor-widget-text-editor.elementor-drop-cap-view-stacked .elementor-drop-cap{background-color:#69727d;color:#fff}.elementor-widget-text-editor.elementor-drop-cap-view-framed .elementor-drop-cap{color:#69727d;border:3px solid;background-color:transparent}.elementor-widget-text-editor:not(.elementor-drop-cap-view-default) .elementor-drop-cap{margin-top:8px}.elementor-widget-text-editor:not(.elementor-drop-cap-view-default) .elementor-drop-cap-letter{width:1em;height:1em}.elementor-widget-text-editor .elementor-drop-cap{float:left;text-align:center;line-height:1;font-size:50px}.elementor-widget-text-editor .elementor-drop-cap-letter{display:inline-block}<\/style>\t\t\t\t<div class=\"wpb_text_column wpb_content_element \">\n<div class=\"wpb_wrapper\">\n<h2>Wenn Sie nach der Buchung einen g\u00fcnstigeren Preis finden, zahlen wir die Differenz.<\/h2>\n<\/div>\n<\/div>\n<div class=\"nectar-fancy-ul animated-in\" data-list-icon=\"dot\" data-animation=\"true\" data-animation-delay=\"0\" data-spacing=\"default\" data-alignment=\"left\">\n<ul>\n<li><span class=\"display-flex-mejor\">Der Kunde muss eine best\u00e4tigte Buchung mit dem entsprechenden Referenzcode auf www.gfhoteles.com mit dem g\u00fcnstigsten verf\u00fcgbaren Preis vorweisen.<\/span><\/li>\n<li><span class=\"display-flex-mejor\">Der auf einer anderen Website gefundene niedrigere Preis muss zu denselben Bedingungen verf\u00fcgbar sein, wie auf www.gfhoteles.com, das hei\u00dft, die Buchung muss umgehend und in Echtzeit best\u00e4tigt werden. Der Preis muss sich auf dieselben Gesch\u00e4ftsbedingungen beziehen, wie bei der Buchung auf www.gfhoteles.com: dasselbe Hotel, derselbe Zimmertyp, dieselbe Verpflegung, derselbe Zeitraum, dieselbe Anzahl an G\u00e4sten sowie dieselbe W\u00e4hrung.\u00a0<span class=\"f-w-600-content\">Diese Garantie gilt nicht f\u00fcr Buchungen bei flight+hotel, Stayforlong und Trip.com.<\/span>\u00a0Dasselbe gilt f\u00fcr Websites und Internetportale, auf denen der Name des Hotels w\u00e4hrend des Buchungsvorgangs nicht angezeigt wird.\u00a0<span class=\"f-w-600-content\">Mobile Bilder werden nicht akzeptiert<\/span>, es muss sich um eine Aufnahme von einem Computer handeln.<\/span><\/li>\n<li><span class=\"display-flex-mejor\">Die Garantie gilt nicht bei Fehlern auf der Website oder bei fehlerhaften Ver\u00f6ffentlichungen von Preisen auf anderen Websites.<\/span><\/li>\n<li><span class=\"display-flex-mejor\">Die Garantie gilt bei g\u00fcnstigeren Preisen einschlie\u00dflich Einschr\u00e4nkungen wie vergleichbare Stornierungsbedingungen oder Anzahlungen wie bei den bestehenden Buchungsbedingungen auf www.gfhoteles.com.<\/span><\/li>\n<li><span class=\"display-flex-mejor\">Die Garantie gilt nicht bei unver\u00f6ffentlichten oder vertraulichen Preisen, bei allen Arten von Gutscheinen\/Coupons, bei Tarifen von Paketen, die weitere Serviceleistungen beinhalten, bei Gesch\u00e4fts-, Gruppen-, Konferenztarifen etc.<\/span><\/li>\n<li><span class=\"display-flex-mejor\">Die Garantie bezieht sich auf den vom Kunden zu bezahlenden Endpreis einschlie\u00dflich aller Servicekosten, Geb\u00fchren, Steuern und Verwaltungsgeb\u00fchren, die auf anderen Websites in Rechnung gestellt werden. Wesentliche Voraussetzung, um den Ausgleichprozess zu beginnen, ist, dem Hotel den entg\u00fcltigen Kostenvoranschlag zu schicken, der den Zeitpunkt und das Datum der Beratung widerspiegelt. Dies muss am selben Tag erfolgen, an dem das Hotel beansprucht wird.<\/span><\/li>\n<li><span class=\"display-flex-mejor\">Die Garantie bezieht sich auf den vom Kunden zu bezahlenden Endpreis f\u00fcr die Gesamtdauer seines Aufenthalts.<\/span><\/li>\n<li><span class=\"display-flex-mejor\">Die Garantie tritt nicht in Kraft, wenn die Differenz zwischen dem g\u00fcnstigeren Preis und dem Preis auf www.gfhoteles.com weniger als 1,00 \u20ac betr\u00e4gt. Der Preisunterschied muss zumindest eine Einerstelle betragen, Unterschiede beim Centbetrag werden nicht ber\u00fccksichtigt.<br \/>\n<\/span><\/li>\n<li><span class=\"display-flex-mejor\">Alle entsprechenden Forderungen m\u00fcssen innerhalb von 24 Stunden nach der urspr\u00fcnglichen Buchung auf www.gfhoteles.com gestellt werden. Die Frist f\u00fcr eine Best\u00e4tigung des Preisunterschiedes durch das Hotel betr\u00e4gt 48 Gesch\u00e4ftsstunden. Maximale Zeit 48 Stunden vor Ankunft und Reaktionszeit 24 Stunden.<\/span><\/li>\n<\/ul>\n<\/div>\n\t\t\t\t\t\t<\/div>\n\t\t\t\t<\/div>\n\t\t\t\t\t<\/div>\n\t\t\t\t<\/div>\n\t\t\t\t<\/div>\n\t\t","protected":false},"excerpt":{"rendered":"<p>GF HOTELES P\u00e1gina<\/p>\n","protected":false},"author":2,"featured_media":17050,"parent":0,"menu_order":50,"comment_status":"closed","ping_status":"closed","template":"","meta":{"_acf_changed":false,"footnotes":""},"hotel":[914],"class_list":{"0":"post-19372","1":"page","2":"type-page","3":"status-publish","4":"has-post-thumbnail","6":"hotel-gf-hoteles-de"},"acf":[],"publishpress_future_action":{"enabled":false,"date":"2026-04-25 19:17:18","action":"change-status","newStatus":"draft","terms":[],"taxonomy":"translation_priority"},"_links":{"self":[{"href":"https:\/\/gfhoteles.thethinkin.com\/de\/wp-json\/wp\/v2\/pages\/19372"}],"collection":[{"href":"https:\/\/gfhoteles.thethinkin.com\/de\/wp-json\/wp\/v2\/pages"}],"about":[{"href":"https:\/\/gfhoteles.thethinkin.com\/de\/wp-json\/wp\/v2\/types\/page"}],"author":[{"embeddable":true,"href":"https:\/\/gfhoteles.thethinkin.com\/de\/wp-json\/wp\/v2\/users\/2"}],"replies":[{"embeddable":true,"href":"https:\/\/gfhoteles.thethinkin.com\/de\/wp-json\/wp\/v2\/comments?post=19372"}],"version-history":[{"count":0,"href":"https:\/\/gfhoteles.thethinkin.com\/de\/wp-json\/wp\/v2\/pages\/19372\/revisions"}],"wp:featuredmedia":[{"embeddable":true,"href":"https:\/\/gfhoteles.thethinkin.com\/de\/wp-json\/wp\/v2\/media\/17050"}],"wp:attachment":[{"href":"https:\/\/gfhoteles.thethinkin.com\/de\/wp-json\/wp\/v2\/media?parent=19372"}],"wp:term":[{"taxonomy":"hotel","embeddable":true,"href":"https:\/\/gfhoteles.thethinkin.com\/de\/wp-json\/wp\/v2\/hotel?post=19372"}],"curies":[{"name":"wp","href":"https:\/\/api.w.org\/{rel}","templated":true}]}}