{"id":19439,"date":"2022-09-23T10:01:14","date_gmt":"2022-09-23T10:01:14","guid":{"rendered":"https:\/\/gfhoteles.com\/aviso-legal\/"},"modified":"2023-04-13T10:45:23","modified_gmt":"2023-04-13T10:45:23","slug":"rechtliche-hinweise","status":"publish","type":"page","link":"https:\/\/gfhoteles.thethinkin.com\/de\/rechtliche-hinweise\/","title":{"rendered":"Rechtliche Hinweise"},"content":{"rendered":"\t\t<div data-elementor-type=\"wp-page\" data-elementor-id=\"19439\" class=\"elementor elementor-19439 elementor-1282\" data-elementor-post-type=\"page\">\n\t\t\t\t<div data-dce-background-image-url=\"https:\/\/gfhoteles.thethinkin.com\/wp-content\/uploads\/2023\/02\/gf-victoria-pools-6-1.webp\" class=\"elementor-element elementor-element-37521b0 e-con-full e-flex e-con e-parent\" data-id=\"37521b0\" data-element_type=\"container\" data-settings=\"{&quot;background_background&quot;:&quot;classic&quot;}\">\n\t\t\t\t<\/div>\n\t\t<div class=\"elementor-element elementor-element-8e52fa8 e-flex e-con-boxed e-con e-parent\" data-id=\"8e52fa8\" data-element_type=\"container\">\n\t\t\t\t\t<div class=\"e-con-inner\">\n\t\t\t\t<div class=\"elementor-element elementor-element-1e1b54d elementor-widget elementor-widget-bdt-breadcrumbs\" data-id=\"1e1b54d\" data-element_type=\"widget\" data-widget_type=\"bdt-breadcrumbs.default\">\n\t\t\t\t<div class=\"elementor-widget-container\">\n\t\t\t<div class='bdt-ep-breadcrumbs-wrapper'><ul class=\"bdt-ep-breadcrumb breadcrumb-align-left  \"><li><a href=\"https:\/\/gfhoteles.thethinkin.com\/de\/\"><span class=\"bdt-ep-breadcrumbs-home-icon\"> <i aria-hidden=\"true\" class=\"Array\"><\/i> <\/span>GF HOTELES<\/a><\/li>\n<li><span> Seite<\/span><\/li>\n<\/ul><\/div>\t\t<\/div>\n\t\t\t\t<\/div>\n\t\t\t\t<div class=\"elementor-element elementor-element-786603d elementor-widget__width-inherit elementor-widget elementor-widget-heading\" data-id=\"786603d\" data-element_type=\"widget\" data-widget_type=\"heading.default\">\n\t\t\t\t<div class=\"elementor-widget-container\">\n\t\t\t<style>\/*! elementor - v3.23.0 - 15-07-2024 *\/\n.elementor-heading-title{padding:0;margin:0;line-height:1}.elementor-widget-heading .elementor-heading-title[class*=elementor-size-]>a{color:inherit;font-size:inherit;line-height:inherit}.elementor-widget-heading .elementor-heading-title.elementor-size-small{font-size:15px}.elementor-widget-heading .elementor-heading-title.elementor-size-medium{font-size:19px}.elementor-widget-heading .elementor-heading-title.elementor-size-large{font-size:29px}.elementor-widget-heading .elementor-heading-title.elementor-size-xl{font-size:39px}.elementor-widget-heading .elementor-heading-title.elementor-size-xxl{font-size:59px}<\/style><h1 class=\"elementor-heading-title elementor-size-default\">Rechtliche Hinweise<\/h1>\t\t<\/div>\n\t\t\t\t<\/div>\n\t\t\t\t<div class=\"elementor-element elementor-element-2a971c9 elementor-widget-divider--view-line elementor-widget elementor-widget-divider\" data-id=\"2a971c9\" data-element_type=\"widget\" data-widget_type=\"divider.default\">\n\t\t\t\t<div class=\"elementor-widget-container\">\n\t\t\t<style>\/*! elementor - v3.23.0 - 15-07-2024 *\/\n.elementor-widget-divider{--divider-border-style:none;--divider-border-width:1px;--divider-color:#0c0d0e;--divider-icon-size:20px;--divider-element-spacing:10px;--divider-pattern-height:24px;--divider-pattern-size:20px;--divider-pattern-url:none;--divider-pattern-repeat:repeat-x}.elementor-widget-divider .elementor-divider{display:flex}.elementor-widget-divider .elementor-divider__text{font-size:15px;line-height:1;max-width:95%}.elementor-widget-divider .elementor-divider__element{margin:0 var(--divider-element-spacing);flex-shrink:0}.elementor-widget-divider .elementor-icon{font-size:var(--divider-icon-size)}.elementor-widget-divider .elementor-divider-separator{display:flex;margin:0;direction:ltr}.elementor-widget-divider--view-line_icon .elementor-divider-separator,.elementor-widget-divider--view-line_text .elementor-divider-separator{align-items:center}.elementor-widget-divider--view-line_icon .elementor-divider-separator:after,.elementor-widget-divider--view-line_icon .elementor-divider-separator:before,.elementor-widget-divider--view-line_text .elementor-divider-separator:after,.elementor-widget-divider--view-line_text .elementor-divider-separator:before{display:block;content:\"\";border-block-end:0;flex-grow:1;border-block-start:var(--divider-border-width) var(--divider-border-style) var(--divider-color)}.elementor-widget-divider--element-align-left .elementor-divider .elementor-divider-separator>.elementor-divider__svg:first-of-type{flex-grow:0;flex-shrink:100}.elementor-widget-divider--element-align-left .elementor-divider-separator:before{content:none}.elementor-widget-divider--element-align-left .elementor-divider__element{margin-left:0}.elementor-widget-divider--element-align-right .elementor-divider .elementor-divider-separator>.elementor-divider__svg:last-of-type{flex-grow:0;flex-shrink:100}.elementor-widget-divider--element-align-right .elementor-divider-separator:after{content:none}.elementor-widget-divider--element-align-right .elementor-divider__element{margin-right:0}.elementor-widget-divider--element-align-start .elementor-divider .elementor-divider-separator>.elementor-divider__svg:first-of-type{flex-grow:0;flex-shrink:100}.elementor-widget-divider--element-align-start .elementor-divider-separator:before{content:none}.elementor-widget-divider--element-align-start .elementor-divider__element{margin-inline-start:0}.elementor-widget-divider--element-align-end .elementor-divider .elementor-divider-separator>.elementor-divider__svg:last-of-type{flex-grow:0;flex-shrink:100}.elementor-widget-divider--element-align-end .elementor-divider-separator:after{content:none}.elementor-widget-divider--element-align-end .elementor-divider__element{margin-inline-end:0}.elementor-widget-divider:not(.elementor-widget-divider--view-line_text):not(.elementor-widget-divider--view-line_icon) .elementor-divider-separator{border-block-start:var(--divider-border-width) var(--divider-border-style) var(--divider-color)}.elementor-widget-divider--separator-type-pattern{--divider-border-style:none}.elementor-widget-divider--separator-type-pattern.elementor-widget-divider--view-line .elementor-divider-separator,.elementor-widget-divider--separator-type-pattern:not(.elementor-widget-divider--view-line) .elementor-divider-separator:after,.elementor-widget-divider--separator-type-pattern:not(.elementor-widget-divider--view-line) .elementor-divider-separator:before,.elementor-widget-divider--separator-type-pattern:not([class*=elementor-widget-divider--view]) .elementor-divider-separator{width:100%;min-height:var(--divider-pattern-height);-webkit-mask-size:var(--divider-pattern-size) 100%;mask-size:var(--divider-pattern-size) 100%;-webkit-mask-repeat:var(--divider-pattern-repeat);mask-repeat:var(--divider-pattern-repeat);background-color:var(--divider-color);-webkit-mask-image:var(--divider-pattern-url);mask-image:var(--divider-pattern-url)}.elementor-widget-divider--no-spacing{--divider-pattern-size:auto}.elementor-widget-divider--bg-round{--divider-pattern-repeat:round}.rtl .elementor-widget-divider .elementor-divider__text{direction:rtl}.e-con-inner>.elementor-widget-divider,.e-con>.elementor-widget-divider{width:var(--container-widget-width,100%);--flex-grow:var(--container-widget-flex-grow)}<\/style>\t\t<div class=\"elementor-divider\">\n\t\t\t<span class=\"elementor-divider-separator\">\n\t\t\t\t\t\t<\/span>\n\t\t<\/div>\n\t\t\t\t<\/div>\n\t\t\t\t<\/div>\n\t\t\t\t<div class=\"elementor-element elementor-element-29542cf elementor-widget elementor-widget-text-editor\" data-id=\"29542cf\" data-element_type=\"widget\" data-widget_type=\"text-editor.default\">\n\t\t\t\t<div class=\"elementor-widget-container\">\n\t\t\t<style>\/*! elementor - v3.23.0 - 15-07-2024 *\/\n.elementor-widget-text-editor.elementor-drop-cap-view-stacked .elementor-drop-cap{background-color:#69727d;color:#fff}.elementor-widget-text-editor.elementor-drop-cap-view-framed .elementor-drop-cap{color:#69727d;border:3px solid;background-color:transparent}.elementor-widget-text-editor:not(.elementor-drop-cap-view-default) .elementor-drop-cap{margin-top:8px}.elementor-widget-text-editor:not(.elementor-drop-cap-view-default) .elementor-drop-cap-letter{width:1em;height:1em}.elementor-widget-text-editor .elementor-drop-cap{float:left;text-align:center;line-height:1;font-size:50px}.elementor-widget-text-editor .elementor-drop-cap-letter{display:inline-block}<\/style>\t\t\t\t<h3>1. Gegenstand und Zustimmung<\/h3>\n<p>Dieser rechtliche Hinweis reguliert die Verwendung der Website: WWW.GFHOTELES.COM. Die Website ist Eigentum von GRUPO FEDOLA, einer Holding, deren Hotelsparte aus folgenden Unternehmen besteht:<\/p>\n<p>EXPLOTACIONES SANTONEL S.L. (GF VICTORIA ***** GL)<br \/>\nCalle Fernando L\u00f3pez Arvelo, 1<br \/>\n38660 Costa Adeje \u2013 Tenerife \u2013 Spain<br \/>\nCIF: B38588760<\/p>\n<p>COSTA ADEJE GRAN HOTEL, S.L. (GF Gran Costa Adeje*****)<br \/>\nAvenida Bruselas, 16<br \/>\n38660 Costa Adeje \u2013 Tenerife \u2013 Spain<br \/>\nCIF: B38555140<\/p>\n<p>ISABEL FAMILY HOTEL S.L.U. (GF Isabel ****)<br \/>\nAvenida Mosc\u00fa, 2<br \/>\n38660 Costa Adeje \u2013 Tenerife \u2013 Spain<br \/>\nCIF: B38964490<\/p>\n<p>FELAHOTEL S.L.U (GF FA\u00d1ABE****)<br \/>\nAvenida Bruselas, 13<br \/>\n38660 Costa Adeje \u2013 Tenerife \u2013 Spain<br \/>\nCIF: B38489688<\/p>\n<p>NOELIA PLAYA, S.L.U.. (A.T. GF NOELIA***)<br \/>\nAvda. Hermanos Fern\u00e1ndez Perdig\u00f3n, 9<br \/>\n38400 Puerto de la Cruz \u2013 Tenerife \u2013 Spain<br \/>\nCIF: B38741013<\/p>\n<p>Bei diesen Unternehmen handelt es sich um Hoteldienstleister, weswegen die Website in erster Linie der Herstellung des Kontakts zwischen den Benutzern und den Unternehmen unserer Holding, der Einsendung von Anfragen und der Reservierung in unseren Hotels dient.<\/p>\n<p>Wenn Sie auf den Seiten von WWW.GFHOTELES.COM navigieren, gelten Sie als Benutzer. Dies impliziert, dass Sie allen Bestimmungen dieses rechtlichen Hinweises, welche sich \u00e4ndern k\u00f6nnen, in vollem Umfang und ohne Vorbehalte zustimmen.<\/p>\n<p>Die Benutzer verpflichten sich, die Website in \u00dcbereinstimmung mit den Gesetzen, in guter Absicht, im Einklang mit der \u00f6ffentlichen Ordnung, den Online-Gepflogenheiten und diesem rechtlichen Hinweis zu nutzen. Die Benutzer haften gegen\u00fcber GF HOTELES und Drittparteien f\u00fcr Sch\u00e4den und Beeintr\u00e4chtigungen, die durch einen Versto\u00df gegen die besagte Pflicht entstehen.<\/p>\n<h3>2. Eigent\u00fcmer der Website und Identifizierung des Dienstleisters der Informationsgesellschaft<\/h3>\n<p>Zur Erf\u00fcllung der allgemeinen Informationspflicht laut Paragraph 10 des Gesetzes 34\/2002 vom 11. Juli zu Dienstleistungen der Informationsgesellschaft und Internethandel informieren wir unsere Benutzer dar\u00fcber, dass diese Website das Eigentum von GRUPO FEDOLA, S.L. (nachfolgend GF HOTELES) mit USt-IdNr. B38573192, Registrierung im Handelsregister von Santa Cruz de Tenerife auf Blatt TF-22040, Folio 146, Band 1951, allgemeiner Teil, 1. Inschrift, ist.<\/p>\n<ul>\n<li>ADRESSE: Edificio Olympo, C\/ Candelaria n\u00ba 28-1 (38002-S\/C de Tenerife)<\/li>\n<li>E-MAIL: info@gfhoteles.com<\/li>\n<li>TELEFON: (34) 922716624<\/li>\n<li>WEBSITE-HOSTING DURCH: Thinkin.es<\/li>\n<\/ul>\n<h3>3. Allgemeine Zugriffs- und Nutzungsbedingungen<\/h3>\n<p>Der Zugriff auf die Website und ihre Dienste ist frei und gratis. Zur Verwendung bestimmter Bereiche oder Dienste ist jedoch die Ausf\u00fcllung von Formularen zur Datenerfassung erforderlich. Nur Personen \u00fcber 18 Jahren d\u00fcrfen Daten \u00fcber unsere Website zur Verf\u00fcgung stellen. Minderj\u00e4hrige unter 16 Jahren sind dazu ohne die Zustimmung ihrer Eltern oder Erziehungsberechtigten nicht berechtigt.<\/p>\n<p>Der Benutzer versichert, dass die an GF HOTELES \u00fcbermittelten Daten korrekt und aktuell sind, und \u00fcbernimmt die alleinige Verantwortung f\u00fcr falsche oder ungenaue Angaben.<\/p>\n<p>WWW.GFHOTELES.COM hat folgende Arten von Benutzern:<\/p>\n<p>Benutzer, die \u00fcber eines der verf\u00fcgbaren Online-Formulare Daten bereitstellen: GF HOTELES fragt darin unter anderem den Namen, die E-Mail-Adresse und andere vom Benutzer bereitgestellte, personenbezogene Daten ab.<\/p>\n<ul>\n<li>Benutzer, die keinen Kontakt mit GF HOTELES aufgenommen haben, von denen jedoch Daten erfasst werden: Von Cookies erfasste Daten.<\/li>\n<li>Benutzer unseres privaten Bereichs: Einschlie\u00dflich Benutzername und Passwort.<\/li>\n<li>Benutzer, die Kommentare im Blog posten: Von diesen Benutzern werden die E-Mail-Adresse, der Vor-, Nach- oder Spitzname, der eingegebene Kommentar und das Datum des Kommentars erfasst.<\/li>\n<li>Benutzer, die Kommentare im Blog posten: Von diesen Benutzern werden die E-Mail-Adresse, der Vor-, Nach- oder Spitzname, der eingegebene Kommentar und das Datum des Kommentars erfasst.<\/li>\n<li>Benutzer, die uns im entsprechenden Bereich unserer Website ihren Lebenslauf zusenden.<\/li>\n<\/ul>\n<h3>3.1. Benutzungsregeln und -verbote f\u00fcr Benutzer unserer Dienstleistungen<\/h3>\n<p>Die Benutzer verpflichten sich ausdr\u00fccklich zu einem angemessenen Gebrauch der angebotenen Inhalte und Dienstleistungen und dazu, sie nicht zu folgenden Zwecken zu verwenden:<\/p>\n<ul>\n<li>Verbreiten krimineller, gewaltt\u00e4tiger, pornografischer, rassistischer, fremdenfeindlicher, beleidigender, Terrorismus-bef\u00fcrwortender oder generell gesetzeswidriger oder gegen die \u00f6ffentliche Ordnung versto\u00dfender Inhalte.<\/li>\n<li>Einschleusen von Informatik-Viren oder Durchf\u00fchren von Handlungen, die die elektronischen Dokumente, die Daten, die physischen und logischen Systeme von GF HOTELES oder Dritten ver\u00e4ndern, beeintr\u00e4chtigen, unterbrechen oder diesbez\u00fcgliche Fehler oder Sch\u00e4den verursachen k\u00f6nnen; sowie Beeintr\u00e4chtigen des Zugriffs anderer Benutzer auf die Website und ihre Dienste.<\/li>\n<li>Versuchen, auf zugangsbeschr\u00e4nkte Bereiche des Informatiksystems von GF HOTELES oder Dritten zuzugreifen und ggf. Informationen zu extrahieren.<\/li>\n<li>Verletzen der Rechte an geistigem oder gewerblichem Eigentum sowie Versto\u00dfen gegen die Vertraulichkeit der Informationen von GF HOTELES oder Dritten.<\/li>\n<li>Vorspiegeln der Identit\u00e4t eines anderen Benutzers, \u00f6ffentlicher Verwaltungsorgane oder Dritter.<\/li>\n<li>Vervielf\u00e4ltigen, Kopieren, Verbreiten, Bereitstellen oder anderweitiges Ver\u00f6ffentlichen, Transformieren oder Ver\u00e4ndern der Inhalte, sofern dies nicht mit der Genehmigung des entsprechenden Rechteinhabers geschieht oder rechtlich zul\u00e4ssig ist.<\/li>\n<li>Sammeln von Daten zu Werbezwecken und Versenden von Werbung jeglicher Art und Kommunikationen zu Verkaufszwecken oder zu anderen gewerblichen Zwecken, ohne dass dies zuvor angefordert oder das Einverst\u00e4ndnis eingeholt wurde.<\/li>\n<\/ul>\n<h3>3.2. Verfahren bei Aus\u00fcbung rechtswidriger Aktivit\u00e4ten<\/h3>\n<p>Wenn Benutzer oder Dritte vermuten, dass Tatbest\u00e4nde oder Umst\u00e4nde vorliegen, die auf eine unrechtm\u00e4\u00dfige Verwendung jeglicher Inhalte und\/oder die Durchf\u00fchrung jeglicher unrechtm\u00e4\u00dfiger Aktivit\u00e4ten auf den Webseiten selbst oder auf den \u00fcber die Website zug\u00e4nglichen Webseiten hindeuten, m\u00fcssen sie GF HOTELES unter Angaben ihrer Identit\u00e4t, der vermeintlichen Verst\u00f6\u00dfe und der ausdr\u00fccklichen Erkl\u00e4rung, dass die bereitgestellten Informationen pr\u00e4zise sind, benachrichtigen.<\/p>\n<h3>4. Datenschutzrichtlinie<\/h3>\n<p>Unter dem folgenden Link k\u00f6nnen sich die Benutzer dar\u00fcber informieren, wie GF HOTELES ihre Daten nutzt und welche Sicherheitsma\u00dfnahmen implementiert wurden:\u00a0<a href=\"https:\/\/gfhoteles.thethinkin.com\/de\/privacidad\/\">\u201eDatenschutzrichtlinie\u201c<\/a>.<\/p>\n<h3>5. Cookie-Richtlinie<\/h3>\n<p>GF HOTELES installiert Cookies im Computer der Benutzer. Um mehr \u00fcber die von unserer Website verwendeten Cookies zu erfahren, klicken Sie auf den folgenden Link:\u00a0<a href=\"https:\/\/gfhoteles.thethinkin.com\/politica-de-cookies-ue\/\">\u201eCookie-Richtlinie\u201d<\/a>.<\/p>\n<h3>6. Benachrichtigungen<\/h3>\n<p>Alle Benachrichtigungen und Kommunikationen zwischen den Benutzern und GF HOTELES werden in jeglicher Hinsicht als wirksam angesehen, wenn sie auf dem Postweg, per E-Mail oder telefonisch erfolgen. Die Kontaktaufnahme mit GF HOTELES erfolgt mittels:<\/p>\n<ul>\n<li>Versand auf dem Postweg an folgende Anschrift: GF HOTELES \u2013 Edificio Olympo, Candelaria, 28, 1\u00aa Planta, 38002 \u2013 Santa Cruz De Tenerife.<\/li>\n<li>Per E-Mail an: juridico@grupofedola.com<\/li>\n<\/ul>\n<h3>7. Gewerbliches und geistiges Eigentum<\/h3>\n<p>Alle Inhalte der Website, wie Texte, Fotos, Grafiken, Bilder, Symbole, Technologie, Software, sowie ihre grafische Gestaltung und Quellcodes sind Eigentum von GF HOTELES, wobei nicht davon ausgegangen werden darf, dass dem Benutzer diesbez\u00fcgliche Verwertungsrechte abgetreten werden, die \u00fcber die Erfordernisse zur korrekten Nutzung der Website hinausgehen.<\/p>\n<p>D. h. Benutzer, die auf diese Website zugreifen, d\u00fcrfen, solange der jeweilige Dienst in Kraft ist, die Inhalte ansehen und gegebenenfalls autorisierte Kopien f\u00fcr den privaten Gebrauch erstellen, vorausgesetzt, die wiedergegebenen Elemente werden nicht nachtr\u00e4glich an Dritte \u00fcbertragen, auf Servern installiert, die mit Netzwerken verbunden sind, oder anderweitig verwertet.<\/p>\n<p>Dar\u00fcber hinaus sind alle Marken, Handelsnamen oder Erkennungszeichen jeglicher Art, die auf der Website zu sehen sind, Eigentum von GF HOTELES, wobei nicht davon ausgegangen werden darf, dass dem Benutzer durch Verwendung oder der Zugriff darauf irgendein Recht an ihnen gew\u00e4hrt wird.<\/p>\n<p>Die Weitergabe, Ver\u00e4nderung, \u00dcberlassung oder Ver\u00f6ffentlichung der Inhalte und jegliche andere Handlungen, die nicht ausdr\u00fccklich von GF HOTELES genehmigt wurden, sind untersagt. Bei Verst\u00f6\u00dfen wird GF HOTELES entsprechende rechtliche Ma\u00dfnahmen ergreifen.<\/p>\n<h3>8. Haftungsausschluss und \u00c4nderung dieses rechtlichen Hinweises<\/h3>\n<p>Die auf dieser Website ver\u00f6ffentlichten Informationen dienen ausschlie\u00dflich Informationszwecken. GF HOTELES beh\u00e4lt sich das Recht vor, die gesamte Website oder Teile davon definitiv oder zeitweilig nicht weiter bereitzustellen und ihre Struktur und ihren Inhalt ohne vorherige Ank\u00fcndigung zu \u00e4ndern, einzuschr\u00e4nken oder den Zugang zu den besagten Informationen zu unterbinden. GF HOTELES versucht, die Qualit\u00e4t und Aktualit\u00e4t dieser Informationen beizubehalten und m\u00f6gliche Fehler zu vermeiden und zu minimieren.<\/p>\n<p>Allerdings haftet GF HOTELES weder f\u00fcr Sch\u00e4den oder Verluste, die durch Entscheidungen aufgrund der verbreiteten Informationen entstehen, noch f\u00fcr Ungenauigkeiten, Auslassungen oder Fehler und auch nicht f\u00fcr Probleme, die sich aus der Nutzung dieser Website oder anderer externer Verbindungen ergeben, bzw. f\u00fcr Sch\u00e4den und\/oder Beeintr\u00e4chtigungen der Software oder Hardware des Benutzers, die im Zusammenhang mit dem Zugriff auf diese Website entstehen.<\/p>\n<p>Die Benutzer akzeptieren ausdr\u00fccklich, dass GF HOTELES nicht verantwortlich ist f\u00fcr unbefugten Zugriff oder die Manipulation ihrer \u00dcbertragungen oder Daten, f\u00fcr Materialien oder Daten, die gesendet oder empfangen oder nicht gesendet oder empfangen werden, oder f\u00fcr Transaktionen, die \u00fcber Website des Unternehmens erfolgen.<\/p>\n<p>GF HOTELES beh\u00e4lt sich das Recht vor, diesen rechtlichen Hinweis einseitig und ohne vorherige Ank\u00fcndigung nach Ermessen des Unternehmens zu \u00e4ndern, wobei die einzige Verpflichtung darin besteht, den Benutzer auf\u00a0<a href=\"https:\/\/gfhoteles.thethinkin.com\/de\/\">WWW.GFHOTELES.COM<\/a>\u00a0\u00fcber die vorgenommenen \u00c4nderungen zu informieren.<\/p>\n<h3>9. Salvatorische Klausel<\/h3>\n<p>Sollte eine dieser Klauseln durch eine endg\u00fcltige Entscheidung einer zust\u00e4ndigen Beh\u00f6rde f\u00fcr nichtig und unwirksam erkl\u00e4rt werden, bleiben die \u00fcbrigen Bedingungen in Kraft, ohne dass diese Nichtigkeitserkl\u00e4rung ber\u00fchrt wird.<\/p>\n<h3>10. Geltendes Recht und zust\u00e4ndige Gerichte<\/h3>\n<p>Diese Website unterliegt den spanischen Rechtsvorschriften und den m\u00f6glicherweise geltenden europ\u00e4ischen Bestimmungen.<\/p>\n<p>F\u00fcr die Beilegung jeglicher Meinungsverschiedenheiten aufgrund oder im Zusammenhang mit der Verwendung der Website oder ihrer Produkte sind ausschlie\u00dflich die spanischen Gerichte der Provinz Santa Cruz de Tenerife zust\u00e4ndig.<\/p>\n<p>Im Falle von Endverbrauchern wird nichts in dieser Klausel ihre gesetzlich anerkannten Rechte als Endverbraucher beeintr\u00e4chtigen und sie haben die M\u00f6glichkeit, eine Klage einzureichen, um ihre Rechte im Zusammenhang mit diesen Bestimmungen vor einem Richter bzw. Gericht, der (das) f\u00fcr ihren Wohnsitz zust\u00e4ndig ist, geltend zu machen.<\/p>\n\t\t\t\t\t\t<\/div>\n\t\t\t\t<\/div>\n\t\t\t\t\t<\/div>\n\t\t\t\t<\/div>\n\t\t\t\t<\/div>\n\t\t","protected":false},"excerpt":{"rendered":"<p>GF HOTELES P\u00e1gina<\/p>\n","protected":false},"author":2,"featured_media":7996,"parent":0,"menu_order":107,"comment_status":"closed","ping_status":"closed","template":"","meta":{"_acf_changed":false,"footnotes":""},"hotel":[914],"class_list":{"0":"post-19439","1":"page","2":"type-page","3":"status-publish","4":"has-post-thumbnail","6":"hotel-gf-hoteles-de"},"acf":[],"publishpress_future_action":{"enabled":false,"date":"2026-04-25 19:17:26","action":"change-status","newStatus":"draft","terms":[],"taxonomy":"translation_priority"},"_links":{"self":[{"href":"https:\/\/gfhoteles.thethinkin.com\/de\/wp-json\/wp\/v2\/pages\/19439"}],"collection":[{"href":"https:\/\/gfhoteles.thethinkin.com\/de\/wp-json\/wp\/v2\/pages"}],"about":[{"href":"https:\/\/gfhoteles.thethinkin.com\/de\/wp-json\/wp\/v2\/types\/page"}],"author":[{"embeddable":true,"href":"https:\/\/gfhoteles.thethinkin.com\/de\/wp-json\/wp\/v2\/users\/2"}],"replies":[{"embeddable":true,"href":"https:\/\/gfhoteles.thethinkin.com\/de\/wp-json\/wp\/v2\/comments?post=19439"}],"version-history":[{"count":0,"href":"https:\/\/gfhoteles.thethinkin.com\/de\/wp-json\/wp\/v2\/pages\/19439\/revisions"}],"wp:featuredmedia":[{"embeddable":true,"href":"https:\/\/gfhoteles.thethinkin.com\/de\/wp-json\/wp\/v2\/media\/7996"}],"wp:attachment":[{"href":"https:\/\/gfhoteles.thethinkin.com\/de\/wp-json\/wp\/v2\/media?parent=19439"}],"wp:term":[{"taxonomy":"hotel","embeddable":true,"href":"https:\/\/gfhoteles.thethinkin.com\/de\/wp-json\/wp\/v2\/hotel?post=19439"}],"curies":[{"name":"wp","href":"https:\/\/api.w.org\/{rel}","templated":true}]}}