{"id":20053,"date":"2023-02-20T12:53:58","date_gmt":"2023-02-20T12:53:58","guid":{"rendered":"https:\/\/gfhoteles.com\/reglamento-interno\/"},"modified":"2023-04-12T13:37:51","modified_gmt":"2023-04-12T13:37:51","slug":"interne-regeln","status":"publish","type":"page","link":"https:\/\/gfhoteles.thethinkin.com\/de\/interne-regeln\/","title":{"rendered":"Interne Regeln"},"content":{"rendered":"\t\t<div data-elementor-type=\"wp-page\" data-elementor-id=\"20053\" class=\"elementor elementor-20053 elementor-6840\" data-elementor-post-type=\"page\">\n\t\t\t\t<div data-dce-background-image-url=\"https:\/\/gfhoteles.thethinkin.com\/wp-content\/uploads\/2023\/03\/RGL7470_2.webp\" class=\"elementor-element elementor-element-2f2d7d2 e-con-full e-flex e-con e-parent\" data-id=\"2f2d7d2\" data-element_type=\"container\" data-settings=\"{&quot;background_background&quot;:&quot;classic&quot;}\">\n\t\t\t\t<\/div>\n\t\t<div class=\"elementor-element elementor-element-1681fa3 e-flex e-con-boxed e-con e-parent\" data-id=\"1681fa3\" data-element_type=\"container\">\n\t\t\t\t\t<div class=\"e-con-inner\">\n\t\t\t\t<div class=\"elementor-element elementor-element-32e4c40 elementor-widget elementor-widget-bdt-breadcrumbs\" data-id=\"32e4c40\" data-element_type=\"widget\" data-widget_type=\"bdt-breadcrumbs.default\">\n\t\t\t\t<div class=\"elementor-widget-container\">\n\t\t\t<div class='bdt-ep-breadcrumbs-wrapper'><ul class=\"bdt-ep-breadcrumb breadcrumb-align-left  \"><li><a href=\"https:\/\/gfhoteles.thethinkin.com\/de\/\"><span class=\"bdt-ep-breadcrumbs-home-icon\"> <i aria-hidden=\"true\" class=\"Array\"><\/i> <\/span>GF HOTELES<\/a><\/li>\n<li><span> Seite<\/span><\/li>\n<\/ul><\/div>\t\t<\/div>\n\t\t\t\t<\/div>\n\t\t\t\t<div class=\"elementor-element elementor-element-2b61901 elementor-widget__width-inherit elementor-widget elementor-widget-heading\" data-id=\"2b61901\" data-element_type=\"widget\" data-widget_type=\"heading.default\">\n\t\t\t\t<div class=\"elementor-widget-container\">\n\t\t\t<style>\/*! elementor - v3.23.0 - 15-07-2024 *\/\n.elementor-heading-title{padding:0;margin:0;line-height:1}.elementor-widget-heading .elementor-heading-title[class*=elementor-size-]>a{color:inherit;font-size:inherit;line-height:inherit}.elementor-widget-heading .elementor-heading-title.elementor-size-small{font-size:15px}.elementor-widget-heading .elementor-heading-title.elementor-size-medium{font-size:19px}.elementor-widget-heading .elementor-heading-title.elementor-size-large{font-size:29px}.elementor-widget-heading .elementor-heading-title.elementor-size-xl{font-size:39px}.elementor-widget-heading .elementor-heading-title.elementor-size-xxl{font-size:59px}<\/style><h1 class=\"elementor-heading-title elementor-size-default\">Interne Regeln<\/h1>\t\t<\/div>\n\t\t\t\t<\/div>\n\t\t\t\t<div class=\"elementor-element elementor-element-058b883 elementor-widget-divider--view-line elementor-widget elementor-widget-divider\" data-id=\"058b883\" data-element_type=\"widget\" data-widget_type=\"divider.default\">\n\t\t\t\t<div class=\"elementor-widget-container\">\n\t\t\t<style>\/*! elementor - v3.23.0 - 15-07-2024 *\/\n.elementor-widget-divider{--divider-border-style:none;--divider-border-width:1px;--divider-color:#0c0d0e;--divider-icon-size:20px;--divider-element-spacing:10px;--divider-pattern-height:24px;--divider-pattern-size:20px;--divider-pattern-url:none;--divider-pattern-repeat:repeat-x}.elementor-widget-divider .elementor-divider{display:flex}.elementor-widget-divider .elementor-divider__text{font-size:15px;line-height:1;max-width:95%}.elementor-widget-divider .elementor-divider__element{margin:0 var(--divider-element-spacing);flex-shrink:0}.elementor-widget-divider .elementor-icon{font-size:var(--divider-icon-size)}.elementor-widget-divider .elementor-divider-separator{display:flex;margin:0;direction:ltr}.elementor-widget-divider--view-line_icon .elementor-divider-separator,.elementor-widget-divider--view-line_text .elementor-divider-separator{align-items:center}.elementor-widget-divider--view-line_icon .elementor-divider-separator:after,.elementor-widget-divider--view-line_icon .elementor-divider-separator:before,.elementor-widget-divider--view-line_text .elementor-divider-separator:after,.elementor-widget-divider--view-line_text .elementor-divider-separator:before{display:block;content:\"\";border-block-end:0;flex-grow:1;border-block-start:var(--divider-border-width) var(--divider-border-style) var(--divider-color)}.elementor-widget-divider--element-align-left .elementor-divider .elementor-divider-separator>.elementor-divider__svg:first-of-type{flex-grow:0;flex-shrink:100}.elementor-widget-divider--element-align-left .elementor-divider-separator:before{content:none}.elementor-widget-divider--element-align-left .elementor-divider__element{margin-left:0}.elementor-widget-divider--element-align-right .elementor-divider .elementor-divider-separator>.elementor-divider__svg:last-of-type{flex-grow:0;flex-shrink:100}.elementor-widget-divider--element-align-right .elementor-divider-separator:after{content:none}.elementor-widget-divider--element-align-right .elementor-divider__element{margin-right:0}.elementor-widget-divider--element-align-start .elementor-divider .elementor-divider-separator>.elementor-divider__svg:first-of-type{flex-grow:0;flex-shrink:100}.elementor-widget-divider--element-align-start .elementor-divider-separator:before{content:none}.elementor-widget-divider--element-align-start .elementor-divider__element{margin-inline-start:0}.elementor-widget-divider--element-align-end .elementor-divider .elementor-divider-separator>.elementor-divider__svg:last-of-type{flex-grow:0;flex-shrink:100}.elementor-widget-divider--element-align-end .elementor-divider-separator:after{content:none}.elementor-widget-divider--element-align-end .elementor-divider__element{margin-inline-end:0}.elementor-widget-divider:not(.elementor-widget-divider--view-line_text):not(.elementor-widget-divider--view-line_icon) .elementor-divider-separator{border-block-start:var(--divider-border-width) var(--divider-border-style) var(--divider-color)}.elementor-widget-divider--separator-type-pattern{--divider-border-style:none}.elementor-widget-divider--separator-type-pattern.elementor-widget-divider--view-line .elementor-divider-separator,.elementor-widget-divider--separator-type-pattern:not(.elementor-widget-divider--view-line) .elementor-divider-separator:after,.elementor-widget-divider--separator-type-pattern:not(.elementor-widget-divider--view-line) .elementor-divider-separator:before,.elementor-widget-divider--separator-type-pattern:not([class*=elementor-widget-divider--view]) .elementor-divider-separator{width:100%;min-height:var(--divider-pattern-height);-webkit-mask-size:var(--divider-pattern-size) 100%;mask-size:var(--divider-pattern-size) 100%;-webkit-mask-repeat:var(--divider-pattern-repeat);mask-repeat:var(--divider-pattern-repeat);background-color:var(--divider-color);-webkit-mask-image:var(--divider-pattern-url);mask-image:var(--divider-pattern-url)}.elementor-widget-divider--no-spacing{--divider-pattern-size:auto}.elementor-widget-divider--bg-round{--divider-pattern-repeat:round}.rtl .elementor-widget-divider .elementor-divider__text{direction:rtl}.e-con-inner>.elementor-widget-divider,.e-con>.elementor-widget-divider{width:var(--container-widget-width,100%);--flex-grow:var(--container-widget-flex-grow)}<\/style>\t\t<div class=\"elementor-divider\">\n\t\t\t<span class=\"elementor-divider-separator\">\n\t\t\t\t\t\t<\/span>\n\t\t<\/div>\n\t\t\t\t<\/div>\n\t\t\t\t<\/div>\n\t\t\t\t<div class=\"elementor-element elementor-element-379a063 elementor-widget elementor-widget-text-editor\" data-id=\"379a063\" data-element_type=\"widget\" data-widget_type=\"text-editor.default\">\n\t\t\t\t<div class=\"elementor-widget-container\">\n\t\t\t<style>\/*! elementor - v3.23.0 - 15-07-2024 *\/\n.elementor-widget-text-editor.elementor-drop-cap-view-stacked .elementor-drop-cap{background-color:#69727d;color:#fff}.elementor-widget-text-editor.elementor-drop-cap-view-framed .elementor-drop-cap{color:#69727d;border:3px solid;background-color:transparent}.elementor-widget-text-editor:not(.elementor-drop-cap-view-default) .elementor-drop-cap{margin-top:8px}.elementor-widget-text-editor:not(.elementor-drop-cap-view-default) .elementor-drop-cap-letter{width:1em;height:1em}.elementor-widget-text-editor .elementor-drop-cap{float:left;text-align:center;line-height:1;font-size:50px}.elementor-widget-text-editor .elementor-drop-cap-letter{display:inline-block}<\/style>\t\t\t\t<p><strong>1. ZUTRITTSRECHT<\/strong><br \/>\nIn Aus\u00fcbung des im Dekret 86\/2013 (Art. 47 und 49) geregelten Zutrittsrechts, das den Inhabern von Gastst\u00e4ttenbetrieben zusteht,\u00a0<strong>k\u00f6nnen sie jederzeit Personen aus dem Hotel verweisen und ihnen den Zutritt ausdr\u00fccklich untersagen:<\/strong><\/p>\n<p>a) Personen, die sich Zutritt verschaffen wollen, wenn die zul\u00e4ssige H\u00f6chstkapazit\u00e4t bereits erreicht ist oder au\u00dferhalb der \u00d6ffnungszeiten des Hotels.<br \/>\nb) Personen, die eine gewaltt\u00e4tige Haltung an den Tag legen oder \u00f6ffentlich zu Hass, Gewalt oder Diskriminierung aufgrund von Geburt, Rasse, Geschlecht, Religion, Einstellung, Behinderung, sexueller Veranlagung, Geschlechtszugeh\u00f6rigkeit oder sonstiger sozialer oder pers\u00f6nlicher Umst\u00e4nde aufrufen, und insbesondere Personen, die sich au\u00dferhalb oder am Eingang aggressiv verhalten oder Auseinandersetzungen verursachen, sowie Personen, die Waffen oder Gegenst\u00e4nde mit sich f\u00fchren, die als solche verwendet werden k\u00f6nnen.<br \/>\nc) Personen, die Anzeichen von Trunkenheit zeigen oder Drogen oder Bet\u00e4ubungsmittel konsumieren bzw. Anzeichen daf\u00fcr zeigen, dass sie diese konsumiert haben.<br \/>\nd) Personen, die das nach den geltenden Vorschriften erforderliche Mindestalter nicht erf\u00fcllen, es sei denn, sie werden von ihren Eltern oder einem Erziehungsberechtigten begleitet.<br \/>\ne) Personen, die sich nicht an die jeweils vom Hotelpersonal f\u00fcr die jeweilige Veranstaltung oder den jeweiligen Bereich des Hotels vorgeschriebene Kleiderordnung halten.<br \/>\nf) Personen, die die Pools au\u00dferhalb des festgelegten Zeitrahmens benutzen.<br \/>\ng) Personen, die ohne schriftliche Genehmigung der Hotelleitung Tiere in das Hotel mitbringen, mit Ausnahme von Personen auf Grund der funktionellen Vielfalt.<br \/>\nh) Personen, die Streitigkeiten, L\u00e4rm und Sch\u00e4den an den Hoteleinrichtungen verursachen, die gegen die Gesundheit und die Sauberkeit der Einrichtung versto\u00dfen, sowie generell Personen, die sich nicht an die Anweisungen des Hotelpersonals bez\u00fcglich des Anstands, der angemessenen Umgangsformen und aller anderen Vorgaben halten.<br \/>\ni) Die G\u00e4ste m\u00fcssen das Zimmer verlassen, wenn sie nicht zahlen oder wenn die in der Reservierung angegebene Zeit abgelaufen ist, es sei denn, mit dem Hotel wurde etwas anderes vereinbart.<br \/>\nj) \u201aNutzer, die \u201eBalconing\u201c praktizieren.\u2018<\/p>\n<p>Jede Person, die sich unter den oben beschriebenen Bedingungen im Hotel aufh\u00e4lt, kann vom Inhaber des Hotels oder seinem Vertreter jederzeit aus dem Hotel verwiesen werden, wozu gegebenenfalls die Unterst\u00fctzung der Polizei und der Beh\u00f6rden erforderlich ist.<\/p>\n<p><strong>2. REGELN F\u00dcR DEN AUFENTHALT IM HOTEL<\/strong><br \/>\nDie G\u00e4ste d\u00fcrfen sich nur an den f\u00fcr sie vorgesehenen Bereichen des Hotels aufhalten. Unter keinen Umst\u00e4nden haben die G\u00e4ste Zugang zu den reservierten oder privaten R\u00e4umen oder Bereichen. Die Kleidung oder das Outfit wird in jedem Fall angemessen sein.<\/p>\n<p>Die ausdr\u00fccklichen Hinweise des Hotelpersonals f\u00fcr alle Hotelg\u00e4ste in Bezug auf Verhalten, Kleidung, Anstand und alles andere mit dem Ziel eines angenehmen Aufenthalts, m\u00fcssen eingehalten werden. Die folgenden Bestimmungen m\u00fcssen eingehalten werden:<\/p>\n<p>a) Der Zutritt zur Bar und zum Restaurant ist f\u00fcr Personen in nasser Kleidung nicht gestattet.<br \/>\nb) Es ist nicht gestattet, M\u00f6bel aus dem Hotelinneren in Bereiche wie Schwimmb\u00e4der und Terrassen mitzunehmen, noch d\u00fcrfen diese M\u00f6bel f\u00fcr einen anderen Zweck als den, f\u00fcr den sie urspr\u00fcnglich bestimmt waren, verwendet werden.<br \/>\nc) Der Konsum von mitgebrachten Getr\u00e4nken ist in den \u00f6ffentlichen Bereichen des Hotels nicht gestattet.<br \/>\nd) Das Rauchen ist im gesamten Hotel verboten, au\u00dfer in den vom Hotel genehmigten Au\u00dfenbereichen.<br \/>\ne) Bei der Benutzung von B\u00fcgeleisen, elektrischen Ger\u00e4ten oder Gegenst\u00e4nden, die Hitze, Feuer oder Funken erzeugen, m\u00fcssen in jeder Unterkunft ausreichende Vorsichtsma\u00dfnahmen getroffen werden. Dies liegt in der Verantwortung des Gastes.<br \/>\nf) Personen, die nicht im Hotel untergebracht sind, darf kein Zutritt gew\u00e4hrt werden. Der Zutritt muss ausdr\u00fccklich und schriftlich vom Hotelpersonal genehmigt werden.<br \/>\ng) All-Inclusive-G\u00e4ste haben nur begrenzten Zugang zu Getr\u00e4nken, die sie mit anderen G\u00e4sten teilen k\u00f6nnen.<br \/>\nh)Es ist nicht gestattet, Liegen am Schwimmbecken zu reservieren, indem Handt\u00fccher oder pers\u00f6nliche Gegenst\u00e4nde darauf abgelegt werden. Das Hotelpersonal wird solche Handt\u00fccher und Gegenst\u00e4nde entfernen.<br \/>\ni) Das Hotel akzeptiert keine Barzahlung in Bars und Restaurants. Alle G\u00e4ste, die im Hotel \u00fcbernachten, verf\u00fcgen \u00fcber ein Kreditsystem, mit dem alle Getr\u00e4nke direkt auf dem Zimmer verrechnet werden und das sie jederzeit an der Rezeption bezahlen k\u00f6nnen. Wenn Sie es w\u00fcnschen, k\u00f6nnen Sie Ihre Zahlungen auch zum Zeitpunkt des Kaufs per Kreditkarte vornehmen (Barzahlungen sind nur an der Hotelrezeption m\u00f6glich).<br \/>\nj) Sollten betr\u00fcgerische Handlungen oder andere Machenschaften bei der Nutzung des Kreditservices, den das Hotel allen seinen Kunden anbietet, festgestellt werden, werden Sie dar\u00fcber informiert. Die Kreditm\u00f6glichkeiten k\u00f6nnen durch Entscheidung des Hotels ge\u00e4ndert oder aufgehoben werden.<br \/>\nk)Die Zimmer sind mit einer W\u00e4scheleine ausgestattet, daher ist es nicht gestattet, Kleidung an den Zimmerw\u00e4nden aufzuh\u00e4ngen.<br \/>\nl) Es ist nicht gestattet, Speisen aus den Hotelrestaurants mitzunehmen.<br \/>\nm) Es ist nicht gestattet, Handt\u00fccher au\u00dferhalb des Hotels mitzunehmen. Alle Hoteldienstleistungen sind ausschlie\u00dflich f\u00fcr die Nutzung innerhalb des Hotels bestimmt.<br \/>\nn) Es ist nicht gestattet, in den Zimmern mit einer mobilen K\u00fcche zu kochen.<br \/>\no) Haustiere und Begleittiere sind nicht erlaubt, au\u00dfer in besonderen Situationen, die zuvor von der Hotelleitung f\u00fcr jeden Gast akzeptiert wurden (funktionelle Vielfalt).<br \/>\np) Balconing ist verboten. Der Beherbergungsbetrieb haftet nicht f\u00fcr Personensch\u00e4den, die sich ein Gast beim Balconing zuzieht.Der Beherbergungsbetrieb macht gegen\u00fcber dem Kunden, der die Balconing vornimmt, die Sch\u00e4den geltend, die dem Beherbergungsbetrieb entstanden sind (Sachsch\u00e4den oder sonstige Kosten) und die eine direkte Folge der Balconing sind.. Die Durchf\u00fchrung von Balconing durch einen Kunden des Hotels kann mit dem Ausschluss aus dem Hotelbetrieb geahndet werden, ohne dass dies zu einem Recht auf R\u00fcckerstattung oder Zahlung durch das Hotel an den Kunden f\u00fchrt. Falls erforderlich, wird die Unterst\u00fctzung der staatlichen Sicherheitskr\u00e4fte und -organe (Polizei) in Anspruch genommen. Die Kosten, die dem Hotel durch die des Gastes bei der Balconing, gehen zu Lasten des Gastes.<\/p>\n<p><strong>3. SICHERHEITSEMPFEHLUNGEN W\u00c4HREND IHRES AUFENTHALTS<\/strong><br \/>\na) Achten Sie auf Ihr Gep\u00e4ck und lassen Sie es nicht unbeaufsichtigt.<br \/>\nb) Schlie\u00dfen Sie beim Verlassen Ihres Zimmers die T\u00fcr und versuchen Sie, sie wieder zu \u00f6ffnen, damit Sie sicher sein k\u00f6nnen, dass sie geschlossen ist.<br \/>\nc) Wenn Sie im Zimmer sind, schlie\u00dfen Sie die T\u00fcr gut ab, auch wenn es nur f\u00fcr kurze Zeit ist.<br \/>\nd) Schlie\u00dfen Sie Ihr Gep\u00e4ck, wenn Sie es nicht benutzen, und verstauen Sie es in Ihrem Kleiderschrank. Falls Ihr Gep\u00e4ck mit einem Schloss versehen ist, sollten Sie es immer benutzen.<br \/>\ne) Passen Sie auf Ihren Zimmerschl\u00fcssel auf. Lassen Sie Ihren Schl\u00fcssel nicht einfach an der Rezeption liegen. Geben Sie den Schl\u00fcssel vor dem Weggehen immer dem Personal in die Hand.<br \/>\nf) Bewahren Sie die Zimmerschl\u00fcsselkarte nicht zusammen mit anderen Dokumenten auf, auf denen das Hotel oder die Zimmernummer vermerkt ist.<br \/>\ng) Informieren Sie die Direktion unverz\u00fcglich \u00fcber alle ungew\u00f6hnlichen Vorkommnisse, die Ihnen auffallen, wie z.\u00a0B. verd\u00e4chtig wirkende Personen auf den Fluren, wiederholte Telefonanrufe von Personen, die sich nicht ausweisen, Klopfen an der Zimmert\u00fcr von Personen, die Sie nicht kennen, oder das Nichtvorhandensein von Gegenst\u00e4nden, wenn Sie die T\u00fcr \u00f6ffnen.<br \/>\nh) Laden Sie keine Fremden in Ihr Zimmer ein und teilen Sie ihnen auch nicht Ihre Zimmernummer mit.<br \/>\ni) Lassen Sie Handwerker nicht unaufgefordert oder ohne Genehmigung der Direktion in Ihr Zimmer.<br \/>\nj) In Ihrem Zimmer steht Ihnen ein Schlie\u00dffach zur Verf\u00fcgung. Erkundigen Sie sich an der Rezeption nach den Bedingungen f\u00fcr dessen ordnungsgem\u00e4\u00dfe Nutzung. Das Hotel haftet nicht f\u00fcr Sch\u00e4den, die an Gegenst\u00e4nden entstehen, die sich nicht in den Schlie\u00dff\u00e4chern befinden.<\/p>\n<p><strong>Die Verwaltung<\/strong><br \/>\nDiese Bestimmungen sind auf der Website und an der Rezeption des jeweiligen Hotels verf\u00fcgbar.<\/p>\n\t\t\t\t\t\t<\/div>\n\t\t\t\t<\/div>\n\t\t\t\t\t<\/div>\n\t\t\t\t<\/div>\n\t\t\t\t<\/div>\n\t\t","protected":false},"excerpt":{"rendered":"<p>GF HOTELES P\u00e1gina<\/p>\n","protected":false},"author":2,"featured_media":10125,"parent":0,"menu_order":106,"comment_status":"closed","ping_status":"closed","template":"","meta":{"_acf_changed":false,"footnotes":""},"hotel":[914],"class_list":{"0":"post-20053","1":"page","2":"type-page","3":"status-publish","4":"has-post-thumbnail","6":"hotel-gf-hoteles-de"},"acf":[],"publishpress_future_action":{"enabled":false,"date":"2026-04-25 19:08:05","action":"change-status","newStatus":"draft","terms":[],"taxonomy":"translation_priority"},"_links":{"self":[{"href":"https:\/\/gfhoteles.thethinkin.com\/de\/wp-json\/wp\/v2\/pages\/20053"}],"collection":[{"href":"https:\/\/gfhoteles.thethinkin.com\/de\/wp-json\/wp\/v2\/pages"}],"about":[{"href":"https:\/\/gfhoteles.thethinkin.com\/de\/wp-json\/wp\/v2\/types\/page"}],"author":[{"embeddable":true,"href":"https:\/\/gfhoteles.thethinkin.com\/de\/wp-json\/wp\/v2\/users\/2"}],"replies":[{"embeddable":true,"href":"https:\/\/gfhoteles.thethinkin.com\/de\/wp-json\/wp\/v2\/comments?post=20053"}],"version-history":[{"count":0,"href":"https:\/\/gfhoteles.thethinkin.com\/de\/wp-json\/wp\/v2\/pages\/20053\/revisions"}],"wp:featuredmedia":[{"embeddable":true,"href":"https:\/\/gfhoteles.thethinkin.com\/de\/wp-json\/wp\/v2\/media\/10125"}],"wp:attachment":[{"href":"https:\/\/gfhoteles.thethinkin.com\/de\/wp-json\/wp\/v2\/media?parent=20053"}],"wp:term":[{"taxonomy":"hotel","embeddable":true,"href":"https:\/\/gfhoteles.thethinkin.com\/de\/wp-json\/wp\/v2\/hotel?post=20053"}],"curies":[{"name":"wp","href":"https:\/\/api.w.org\/{rel}","templated":true}]}}