{"id":20059,"date":"2022-09-23T10:59:40","date_gmt":"2022-09-23T10:59:40","guid":{"rendered":"https:\/\/gfhoteles.com\/condiciones-de-reservas\/"},"modified":"2023-04-12T13:03:21","modified_gmt":"2023-04-12T13:03:21","slug":"allgemeine-reservierungsbedingungen","status":"publish","type":"page","link":"https:\/\/gfhoteles.thethinkin.com\/de\/allgemeine-reservierungsbedingungen\/","title":{"rendered":"Allgemeine Reservierungsbedingungen"},"content":{"rendered":"\t\t<div data-elementor-type=\"wp-page\" data-elementor-id=\"20059\" class=\"elementor elementor-20059 elementor-1324\" data-elementor-post-type=\"page\">\n\t\t\t\t<div data-dce-background-image-url=\"https:\/\/gfhoteles.thethinkin.com\/wp-content\/uploads\/2023\/02\/gf-fanabe-adeje-pools-1-1.webp\" class=\"elementor-element elementor-element-e3fb1c0 e-con-full e-flex e-con e-parent\" data-id=\"e3fb1c0\" data-element_type=\"container\" data-settings=\"{&quot;background_background&quot;:&quot;classic&quot;}\">\n\t\t\t\t<\/div>\n\t\t<div class=\"elementor-element elementor-element-b77db1e e-flex e-con-boxed e-con e-parent\" data-id=\"b77db1e\" data-element_type=\"container\">\n\t\t\t\t\t<div class=\"e-con-inner\">\n\t\t\t\t<div class=\"elementor-element elementor-element-a378ff6 elementor-widget elementor-widget-bdt-breadcrumbs\" data-id=\"a378ff6\" data-element_type=\"widget\" data-widget_type=\"bdt-breadcrumbs.default\">\n\t\t\t\t<div class=\"elementor-widget-container\">\n\t\t\t<div class='bdt-ep-breadcrumbs-wrapper'><ul class=\"bdt-ep-breadcrumb breadcrumb-align-left  \"><li><a href=\"https:\/\/gfhoteles.thethinkin.com\/de\/\"><span class=\"bdt-ep-breadcrumbs-home-icon\"> <i aria-hidden=\"true\" class=\"Array\"><\/i> <\/span>GF HOTELES<\/a><\/li>\n<li><span> Seite<\/span><\/li>\n<\/ul><\/div>\t\t<\/div>\n\t\t\t\t<\/div>\n\t\t\t\t<div class=\"elementor-element elementor-element-4dc378b elementor-widget__width-inherit elementor-widget elementor-widget-heading\" data-id=\"4dc378b\" data-element_type=\"widget\" data-widget_type=\"heading.default\">\n\t\t\t\t<div class=\"elementor-widget-container\">\n\t\t\t<style>\/*! elementor - v3.23.0 - 15-07-2024 *\/\n.elementor-heading-title{padding:0;margin:0;line-height:1}.elementor-widget-heading .elementor-heading-title[class*=elementor-size-]>a{color:inherit;font-size:inherit;line-height:inherit}.elementor-widget-heading .elementor-heading-title.elementor-size-small{font-size:15px}.elementor-widget-heading .elementor-heading-title.elementor-size-medium{font-size:19px}.elementor-widget-heading .elementor-heading-title.elementor-size-large{font-size:29px}.elementor-widget-heading .elementor-heading-title.elementor-size-xl{font-size:39px}.elementor-widget-heading .elementor-heading-title.elementor-size-xxl{font-size:59px}<\/style><h1 class=\"elementor-heading-title elementor-size-default\">Allgemeine Reservierungsbedingungen<\/h1>\t\t<\/div>\n\t\t\t\t<\/div>\n\t\t\t\t<div class=\"elementor-element elementor-element-2003599 elementor-widget-divider--view-line elementor-widget elementor-widget-divider\" data-id=\"2003599\" data-element_type=\"widget\" data-widget_type=\"divider.default\">\n\t\t\t\t<div class=\"elementor-widget-container\">\n\t\t\t<style>\/*! elementor - v3.23.0 - 15-07-2024 *\/\n.elementor-widget-divider{--divider-border-style:none;--divider-border-width:1px;--divider-color:#0c0d0e;--divider-icon-size:20px;--divider-element-spacing:10px;--divider-pattern-height:24px;--divider-pattern-size:20px;--divider-pattern-url:none;--divider-pattern-repeat:repeat-x}.elementor-widget-divider .elementor-divider{display:flex}.elementor-widget-divider .elementor-divider__text{font-size:15px;line-height:1;max-width:95%}.elementor-widget-divider .elementor-divider__element{margin:0 var(--divider-element-spacing);flex-shrink:0}.elementor-widget-divider .elementor-icon{font-size:var(--divider-icon-size)}.elementor-widget-divider .elementor-divider-separator{display:flex;margin:0;direction:ltr}.elementor-widget-divider--view-line_icon .elementor-divider-separator,.elementor-widget-divider--view-line_text .elementor-divider-separator{align-items:center}.elementor-widget-divider--view-line_icon .elementor-divider-separator:after,.elementor-widget-divider--view-line_icon .elementor-divider-separator:before,.elementor-widget-divider--view-line_text .elementor-divider-separator:after,.elementor-widget-divider--view-line_text .elementor-divider-separator:before{display:block;content:\"\";border-block-end:0;flex-grow:1;border-block-start:var(--divider-border-width) var(--divider-border-style) var(--divider-color)}.elementor-widget-divider--element-align-left .elementor-divider .elementor-divider-separator>.elementor-divider__svg:first-of-type{flex-grow:0;flex-shrink:100}.elementor-widget-divider--element-align-left .elementor-divider-separator:before{content:none}.elementor-widget-divider--element-align-left .elementor-divider__element{margin-left:0}.elementor-widget-divider--element-align-right .elementor-divider .elementor-divider-separator>.elementor-divider__svg:last-of-type{flex-grow:0;flex-shrink:100}.elementor-widget-divider--element-align-right .elementor-divider-separator:after{content:none}.elementor-widget-divider--element-align-right .elementor-divider__element{margin-right:0}.elementor-widget-divider--element-align-start .elementor-divider .elementor-divider-separator>.elementor-divider__svg:first-of-type{flex-grow:0;flex-shrink:100}.elementor-widget-divider--element-align-start .elementor-divider-separator:before{content:none}.elementor-widget-divider--element-align-start .elementor-divider__element{margin-inline-start:0}.elementor-widget-divider--element-align-end .elementor-divider .elementor-divider-separator>.elementor-divider__svg:last-of-type{flex-grow:0;flex-shrink:100}.elementor-widget-divider--element-align-end .elementor-divider-separator:after{content:none}.elementor-widget-divider--element-align-end .elementor-divider__element{margin-inline-end:0}.elementor-widget-divider:not(.elementor-widget-divider--view-line_text):not(.elementor-widget-divider--view-line_icon) .elementor-divider-separator{border-block-start:var(--divider-border-width) var(--divider-border-style) var(--divider-color)}.elementor-widget-divider--separator-type-pattern{--divider-border-style:none}.elementor-widget-divider--separator-type-pattern.elementor-widget-divider--view-line .elementor-divider-separator,.elementor-widget-divider--separator-type-pattern:not(.elementor-widget-divider--view-line) .elementor-divider-separator:after,.elementor-widget-divider--separator-type-pattern:not(.elementor-widget-divider--view-line) .elementor-divider-separator:before,.elementor-widget-divider--separator-type-pattern:not([class*=elementor-widget-divider--view]) .elementor-divider-separator{width:100%;min-height:var(--divider-pattern-height);-webkit-mask-size:var(--divider-pattern-size) 100%;mask-size:var(--divider-pattern-size) 100%;-webkit-mask-repeat:var(--divider-pattern-repeat);mask-repeat:var(--divider-pattern-repeat);background-color:var(--divider-color);-webkit-mask-image:var(--divider-pattern-url);mask-image:var(--divider-pattern-url)}.elementor-widget-divider--no-spacing{--divider-pattern-size:auto}.elementor-widget-divider--bg-round{--divider-pattern-repeat:round}.rtl .elementor-widget-divider .elementor-divider__text{direction:rtl}.e-con-inner>.elementor-widget-divider,.e-con>.elementor-widget-divider{width:var(--container-widget-width,100%);--flex-grow:var(--container-widget-flex-grow)}<\/style>\t\t<div class=\"elementor-divider\">\n\t\t\t<span class=\"elementor-divider-separator\">\n\t\t\t\t\t\t<\/span>\n\t\t<\/div>\n\t\t\t\t<\/div>\n\t\t\t\t<\/div>\n\t\t\t\t<div class=\"elementor-element elementor-element-42a4185 elementor-widget elementor-widget-text-editor\" data-id=\"42a4185\" data-element_type=\"widget\" data-widget_type=\"text-editor.default\">\n\t\t\t\t<div class=\"elementor-widget-container\">\n\t\t\t<style>\/*! elementor - v3.23.0 - 15-07-2024 *\/\n.elementor-widget-text-editor.elementor-drop-cap-view-stacked .elementor-drop-cap{background-color:#69727d;color:#fff}.elementor-widget-text-editor.elementor-drop-cap-view-framed .elementor-drop-cap{color:#69727d;border:3px solid;background-color:transparent}.elementor-widget-text-editor:not(.elementor-drop-cap-view-default) .elementor-drop-cap{margin-top:8px}.elementor-widget-text-editor:not(.elementor-drop-cap-view-default) .elementor-drop-cap-letter{width:1em;height:1em}.elementor-widget-text-editor .elementor-drop-cap{float:left;text-align:center;line-height:1;font-size:50px}.elementor-widget-text-editor .elementor-drop-cap-letter{display:inline-block}<\/style>\t\t\t\t<p>Die Reservierungen, die unsere Nutzer \u00fcber unsere Website vornehmen, unterliegen den unten beschriebenen allgemeinen Reservierungsbedingungen (\u2018Reservierungsbedingungen\u2019). Die Reservierung von Dienstleistungen \u00fcber die Website WWW.GFHOTELES.COM impliziert die vollst\u00e4ndige und uneingeschr\u00e4nkte Annahme der vorliegenden Reservierungsbedingungen durch den Nutzer. Diese Reservierungsbedingungen beziehen sich nicht auf Reservierung unserer Dienstleistungen durch Dritte au\u00dferhalb der Website.<\/p>\n<p>Bitte lesen Sie diese Reservierungsbedingungen vor der Reservierung auf unserer Website sorgf\u00e4ltig durch. Wenn Sie diese Reservierungsbedingungen nicht akzeptieren, kann keine Reservierung vorgenommen werden.<\/p>\n<h3>1. \u00c4nderungen der Reservierungsbedingungen und Angebote<\/h3>\n<p>GF HOTELES kann jederzeit die auf ihrer Website ver\u00f6ffentlichten Reservierungsbedingungen oder Angebote \u00e4ndern (Preise, Produkte, Werbeaktionen und andere Gesch\u00e4fts- und Dienstleistungsbedingungen). Diese \u00c4nderungen werden jedoch und in keinem Fall einen Einfluss auf bereits get\u00e4tigte Reservierungen von unseren Nutzern haben.<\/p>\n<h3>2. Wie kann ich im Internet buchen?<\/h3>\n<p>Die Reservierung unserer Dienstleistungen durch den Nutzer erfolgt gem\u00e4\u00df dem in diesem Abschnitt beschriebenen Reservierungsvorgang. Mit der Reservierung unserer Dienstleistungen akzeptieren Sie, dass die Kommunikation mit GF HOTELES haupts\u00e4chlich auf elektronischem Weg durchgef\u00fchrt wird.<\/p>\n<p>Um auf unserer Website eine Reservierung vorzunehmen, befolgen Sie bitte die folgenden Schritte:<\/p>\n<ul>\n<li>Um die Reservierung vornehmen zu k\u00f6nnen, muss der Nutzer im ersten Schritt das gew\u00fcnschte Datum, die Anzahl der Zimmer, die Personenanzahl und falls vorhanden, den Gutscheincode eingeben.<\/li>\n<li>Sobald der Suchvorgang abgeschlossen ist, wird das gew\u00fcnschte Zimmer ausgew\u00e4hlt.<\/li>\n<li>Im n\u00e4chsten Schritt muss ein Formular mit den pers\u00f6nlichen Daten des Nutzers, der die Reservierung vornimmt, einschlie\u00dflich Kreditkarteninformationen ausgef\u00fcllt werden.<\/li>\n<li>Um die Reservierung bei GF HOTELES abzuschlie\u00dfen, m\u00fcssen Sie die Reservierungbedingungen, die rechtlichen Hinweise, die Datenschutz-Bestimmungen und unsere Cookie-Richtlinie akzeptieren.<\/li>\n<li>Nach dem erfolgreichen Abschluss der Reservierung, wird dem Nutzer eine Best\u00e4tigung mit detaillierter Auflistung aller gebuchten Dienstleistungen zugestellt. Diese Best\u00e4tigung muss bei der Ankunft im Hotel vorgelegt werden.<\/li>\n<\/ul>\n<h3>3. Preise f\u00fcr die angebotenen Dienstleistungen<\/h3>\n<p>Der Preis, der neben unseren Dienstleistungen zu jeder Zeit angezeigt wird, beinhaltet alle zus\u00e4tzlichen Steuern. Wenn bei einem der angezeigten Preise ein Tippfehler vorliegt und ein Nutzer aufgrund dieses Fehlers eine Kaufentscheidung getroffen hat, werden wir ihn umgehend \u00fcber diese Tatsache informieren. In einem solchen Fall hat der Nutzer das Recht, seine Buchung ohne jegliche Kosten zu stornieren.<\/p>\n<h3>4. Bezahlung<\/h3>\n<p>Bei der Reservierung muss der Nutzer die Daten seiner Kreditkarte angeben, damit die Reservierung best\u00e4tigt werden kann. Diese dienen dann als Garantie f\u00fcr die Reservierung. Ihre Reservierung wird mit einer Best\u00e4tigung per E-Mail vollst\u00e4ndig garantiert.<\/p>\n<p>Der Gesamtbetrag der Reservierung wird Ihrer Kreditkarte nicht abgebucht. Die Bezahlung erfolgt bei der Ankunft an der Hotelrezeption.<\/p>\n<p>Wenn der Gast eine Korrektur der Daten (z.B. Namens\u00e4nderung, Daten usw.) oder \u00c4nderungen an der Reservierung vornehmen m\u00f6chte, muss das Hotel mindestens 72 Stunden vor dem Ankunftstermin schriftlich, oder \u00fcber die Website benachrichtigt werden.<\/p>\n<p>Barzahlungen \u00fcber 2.500 \u20ac werden nicht akzeptiert.<\/p>\n<h3>5. Stornierung<\/h3>\n<p>Wir empfehlen Ihnen, eine Reiseversicherung abzuschlie\u00dfen, damit bei etwaigen Vorf\u00e4llen, wie z.B. medizinischer Notfall, Diebstahl oder Besch\u00e4digung des Reisegep\u00e4cks, usw. die entstandenen Kosten ausreichend abgedeckt werden.<\/p>\n<h3>6. Reiseversicherung<\/h3>\n<p>Wir empfehlen Ihnen, eine Reiseversicherung abzuschlie\u00dfen, damit bei etwaigen Vorf\u00e4llen, wie z.B. medizinischer Notfall, Diebstahl oder Besch\u00e4digung des Reisegep\u00e4cks, usw. die entstandenen Kosten ausreichend abgedeckt werden.<\/p>\n<h3>7. Reisep\u00e4sse und Visa<\/h3>\n<p>Alle G\u00e4ste (einschlie\u00dflich Kinder) m\u00fcssen ein g\u00fcltiges Identifikations- oder Einreisedokument, d.h. Reisepass oder Personalausweis, entsprechend den Gesetzen des besuchten Landes oder der besuchten L\u00e4nder besitzen. Die Verantwortung f\u00fcr Visa, Reisep\u00e4sse, Impfungen usw. liegt bei den G\u00e4sten. Bei einer Ablehnung des Visumsgesuchs durch eine Beh\u00f6rde infolge der Verschuldung durch den Gesuchsteller, oder wenn die Einreise in das Land aufgrund fehlender Anforderungen oder aufgrund ung\u00fcltiger, fehlerhafter oder fehlender Dokumentation verweigert wird, lehnt der Anbieter der Unterkunft jegliche Verantwortung f\u00fcr diese Umst\u00e4nde und damit entstandene Kosten, die auf Eigenverschulden des Verbrauchers zur\u00fcckzuf\u00fchren sind, kategorisch ab. In diesen F\u00e4llen kommen Bedingungen und Regeln eines freiwilligen Verzichts auf Dienstleistungen zur Geltung. Wir m\u00f6chten alle G\u00e4ste, insbesondere Nicht-EU-B\u00fcrger, daran erinnern, dass sie vor ihrem Reisebeginn sicherstellen m\u00fcssen, dass sie alle geltenden Einreisebestimmungen und -vorschriften erf\u00fcllen, um in alle L\u00e4nder, die sie besuchen m\u00f6chten, problemlos einreisen zu d\u00fcrfen (Visumspflicht). Kinder unter 18 Jahren m\u00fcssen \u00fcber eine schriftliche Erlaubnis ihrer Eltern oder Erziehungsberechtigten verf\u00fcgen, welche von einer Beh\u00f6rde jederzeit angefordert werden kann.<\/p>\n<h3>8. Verpflichtung zur Qualit\u00e4t<\/h3>\n<p>Das hilfsbereite Personal von GF HOTELES steht unseren Kunden f\u00fcr jegliche Art von Anfragen, Anregungen oder W\u00fcnschen zur Verf\u00fcgung. Die vollste Kundenzufriedenheit mit unseren Produkten und Dienstleistungen, sowie die Erzielung h\u00f6chster Qualit\u00e4tsstandards stellen unser h\u00f6chstes Ziel dar.<\/p>\n<h3>9. Datenschutzbestimmungen<\/h3>\n<p>GF HOTELES macht Sie darauf aufmerksam, das Sie Ihr Recht auf Zugang, Berichtigung, L\u00f6schung und Widerspruch unter Einhaltung der gesetzlich festgelegten Bedingungen in Bezug auf die Identifikation Ihrer Person (mittels einer Kopie des Personalausweises, oder eines anderen g\u00fcltigen Ausweisdokuments) mit der Angabe des geforderten Rechts und Anschrift oder gew\u00fcnschter Kontaktform f\u00fcr Benachrichtigungen unter folgender Adresse: Avda. Bruselas 13, 38660, Adeje, Santa Cruz de Tenerife, oder per E-Mail an: info@gfhoteles.com geltend machen k\u00f6nnen.<\/p>\n<p>Aufgrund der Gesch\u00e4ftsaktivit\u00e4t und der angebotenen Dienstleistungen ist es notwendig, Ihre personenbezogenen Daten an Dritte, entweder an die Unternehmen der GF HOTELES Gruppe und\/oder an andere beteiligten Drittanbieter zu \u00fcbermitteln. Die \u00dcbermittlung personenbezogener Daten an diese Unternehmen dient ausschlie\u00dflich der korrekten Erbringung der angebotenen Dienstleistungen und beruht auf dem berechtigten Interesse des Anbieters sowie der vorvertraglichen Beziehung zwischen dem Nutzer\/Gast und dem Hotel.<\/p>\n<p>Nur der Nutzer kann sich von unserem Portal erst dann abmelden, wenn keine offenen Reservierungen vorliegen, d.h. alle Reservierungen m\u00fcssen abgeschlossen und vollst\u00e4ndig beglichen werden.<\/p>\n<p>Sie k\u00f6nnen unsere Datenschutzerkl\u00e4rung unter dem Link \u201eDatenschutz-Bestimmungen\u201c abrufen.<\/p>\n<h3>10. Online-Konfliktl\u00f6sungsplattform<\/h3>\n<p>In \u00dcbereinstimmung mit der im Artikel 14 der Verordnung (EU) Nr. 524\/2013 \u00fcber die Abwicklung von Online-Rechtsstreitigkeiten in Verbraucherangelegenheiten enthaltenen Informationspflicht gegen\u00fcber Verbrauchern informiert GF HOTELES Sie dar\u00fcber, dass die Europ\u00e4ische Kommission eine Online-Streitbeilegungsplattform zur Verf\u00fcgung stellt, welche unter folgendem Link abrufbar ist:\u00a0<a href=\"https:\/\/ec.europa.eu\/consumers\/odr\/main\/index.cfm?event=main.home2.show&amp;lng=DE\" target=\"_blank\" rel=\"noopener\">https:\/\/ec.europa.eu\/consumers\/odr\/main\/index.cfm?event=main.home2.show&amp;lng=DE<\/a>\u00a0und wo Sie Ihre Anspr\u00fcche auf eine au\u00dfengerichtliche Einigung, wenn Sie in der EU wohnhaft sind, geltend machen k\u00f6nnen.<\/p>\n<h3>11. Anwendbares Recht und Gerichtsstand<\/h3>\n<p>Vertr\u00e4ge \u00fcber den Erwerb von Produkten und Dienstleistungen \u00fcber unsere Website und Streitigkeiten oder Anspr\u00fcche, die sich aus ihnen ergeben oder die sich auf ihren Zweck oder ihre Erf\u00fcllung beziehen (einschlie\u00dflich Rechtsstreitigkeiten oder au\u00dfervertragliche Anspr\u00fcche), unterliegen spanischem Recht.<\/p>\n<p>Der Nutzer verzichtet auf seinen eigenen Gerichtsstand und unterzieht sich ausdr\u00fccklich der Zust\u00e4ndigkeit der Gerichte von Santa Cruz de Tenerife.<\/p>\n<h3>Minderj\u00e4hrige<\/h3>\n<p>I.- Gem\u00e4\u00df den Bestimmungen des B\u00fcrgerlichen Gesetzbuches \u00fcber den Abschluss von Vertr\u00e4gen durch nicht emancipierte Minderj\u00e4hrige d\u00fcrfen diese dies nicht tun, da die Gesetze, die Reservierungen und\/oder Unterk\u00fcnfte in Hotelbetrieben regeln, es ihnen nicht erlauben, dies alleine zu tun.<\/p>\n<p>II.- Daher ben\u00f6tigen sie eine Genehmigung ihrer Eltern oder Erziehungsberechtigten, um ein Hotelzimmer zu buchen. Ebenso m\u00fcssen Minderj\u00e4hrige unter 14 Jahren in Begleitung eines Erwachsenen \u00fcbernachten.<\/p>\n<p>Daher kann ein Minderj\u00e4hriger unter 18 Jahren keine Hotelreservierung alleine vornehmen, es sei denn, er ist rechtlich emancipiert oder hat eine spezielle Genehmigung daf\u00fcr, da er immer noch unter der Vertretung seiner Eltern oder gesetzlichen Vorm\u00fcnder steht.<\/p>\n\t\t\t\t\t\t<\/div>\n\t\t\t\t<\/div>\n\t\t\t\t\t<\/div>\n\t\t\t\t<\/div>\n\t\t\t\t<\/div>\n\t\t","protected":false},"excerpt":{"rendered":"<p>GF HOTELES P\u00e1gina<\/p>\n","protected":false},"author":2,"featured_media":8115,"parent":0,"menu_order":111,"comment_status":"closed","ping_status":"closed","template":"","meta":{"_acf_changed":false,"footnotes":""},"hotel":[914],"class_list":{"0":"post-20059","1":"page","2":"type-page","3":"status-publish","4":"has-post-thumbnail","6":"hotel-gf-hoteles-de"},"acf":[],"publishpress_future_action":{"enabled":false,"date":"2026-04-25 19:17:13","action":"change-status","newStatus":"draft","terms":[],"taxonomy":"translation_priority"},"_links":{"self":[{"href":"https:\/\/gfhoteles.thethinkin.com\/de\/wp-json\/wp\/v2\/pages\/20059"}],"collection":[{"href":"https:\/\/gfhoteles.thethinkin.com\/de\/wp-json\/wp\/v2\/pages"}],"about":[{"href":"https:\/\/gfhoteles.thethinkin.com\/de\/wp-json\/wp\/v2\/types\/page"}],"author":[{"embeddable":true,"href":"https:\/\/gfhoteles.thethinkin.com\/de\/wp-json\/wp\/v2\/users\/2"}],"replies":[{"embeddable":true,"href":"https:\/\/gfhoteles.thethinkin.com\/de\/wp-json\/wp\/v2\/comments?post=20059"}],"version-history":[{"count":0,"href":"https:\/\/gfhoteles.thethinkin.com\/de\/wp-json\/wp\/v2\/pages\/20059\/revisions"}],"wp:featuredmedia":[{"embeddable":true,"href":"https:\/\/gfhoteles.thethinkin.com\/de\/wp-json\/wp\/v2\/media\/8115"}],"wp:attachment":[{"href":"https:\/\/gfhoteles.thethinkin.com\/de\/wp-json\/wp\/v2\/media?parent=20059"}],"wp:term":[{"taxonomy":"hotel","embeddable":true,"href":"https:\/\/gfhoteles.thethinkin.com\/de\/wp-json\/wp\/v2\/hotel?post=20059"}],"curies":[{"name":"wp","href":"https:\/\/api.w.org\/{rel}","templated":true}]}}