{"id":19371,"date":"2023-02-27T15:46:30","date_gmt":"2023-02-27T15:46:30","guid":{"rendered":"https:\/\/gfhoteles.com\/mejor-precio-garantizado\/"},"modified":"2023-04-12T13:12:07","modified_gmt":"2023-04-12T13:12:07","slug":"garantie-du-meilleur-prix","status":"publish","type":"page","link":"https:\/\/gfhoteles.thethinkin.com\/fr\/garantie-du-meilleur-prix\/","title":{"rendered":"Garantie du meilleur prix"},"content":{"rendered":"\t\t<div data-elementor-type=\"wp-page\" data-elementor-id=\"19371\" class=\"elementor elementor-19371 elementor-7429\" data-elementor-post-type=\"page\">\n\t\t\t\t<div data-dce-background-image-url=\"https:\/\/gfhoteles.thethinkin.com\/wp-content\/uploads\/2023\/03\/GF-VICTORIA-Jardin-del-Sol3.webp\" class=\"elementor-element elementor-element-10e43e4 e-con-full e-flex e-con e-parent\" data-id=\"10e43e4\" data-element_type=\"container\" data-settings=\"{&quot;background_background&quot;:&quot;classic&quot;}\">\n\t\t\t\t<\/div>\n\t\t<div class=\"elementor-element elementor-element-6b7f001 e-flex e-con-boxed e-con e-parent\" data-id=\"6b7f001\" data-element_type=\"container\">\n\t\t\t\t\t<div class=\"e-con-inner\">\n\t\t\t\t<div class=\"elementor-element elementor-element-33c7aa5 elementor-widget elementor-widget-bdt-breadcrumbs\" data-id=\"33c7aa5\" data-element_type=\"widget\" data-widget_type=\"bdt-breadcrumbs.default\">\n\t\t\t\t<div class=\"elementor-widget-container\">\n\t\t\t<div class='bdt-ep-breadcrumbs-wrapper'><ul class=\"bdt-ep-breadcrumb breadcrumb-align-left  \"><li><a href=\"https:\/\/gfhoteles.thethinkin.com\/fr\/\"><span class=\"bdt-ep-breadcrumbs-home-icon\"> <i aria-hidden=\"true\" class=\"Array\"><\/i> <\/span>GF HOTELES<\/a><\/li>\n<li><span> Page<\/span><\/li>\n<\/ul><\/div>\t\t<\/div>\n\t\t\t\t<\/div>\n\t\t\t\t<div class=\"elementor-element elementor-element-c4a81f3 elementor-widget__width-inherit elementor-widget elementor-widget-heading\" data-id=\"c4a81f3\" data-element_type=\"widget\" data-widget_type=\"heading.default\">\n\t\t\t\t<div class=\"elementor-widget-container\">\n\t\t\t<style>\/*! elementor - v3.23.0 - 15-07-2024 *\/\n.elementor-heading-title{padding:0;margin:0;line-height:1}.elementor-widget-heading .elementor-heading-title[class*=elementor-size-]>a{color:inherit;font-size:inherit;line-height:inherit}.elementor-widget-heading .elementor-heading-title.elementor-size-small{font-size:15px}.elementor-widget-heading .elementor-heading-title.elementor-size-medium{font-size:19px}.elementor-widget-heading .elementor-heading-title.elementor-size-large{font-size:29px}.elementor-widget-heading .elementor-heading-title.elementor-size-xl{font-size:39px}.elementor-widget-heading .elementor-heading-title.elementor-size-xxl{font-size:59px}<\/style><h1 class=\"elementor-heading-title elementor-size-default\">Garantie du meilleur prix<\/h1>\t\t<\/div>\n\t\t\t\t<\/div>\n\t\t\t\t<div class=\"elementor-element elementor-element-836c28e elementor-widget-divider--view-line elementor-widget elementor-widget-divider\" data-id=\"836c28e\" data-element_type=\"widget\" data-widget_type=\"divider.default\">\n\t\t\t\t<div class=\"elementor-widget-container\">\n\t\t\t<style>\/*! elementor - v3.23.0 - 15-07-2024 *\/\n.elementor-widget-divider{--divider-border-style:none;--divider-border-width:1px;--divider-color:#0c0d0e;--divider-icon-size:20px;--divider-element-spacing:10px;--divider-pattern-height:24px;--divider-pattern-size:20px;--divider-pattern-url:none;--divider-pattern-repeat:repeat-x}.elementor-widget-divider .elementor-divider{display:flex}.elementor-widget-divider .elementor-divider__text{font-size:15px;line-height:1;max-width:95%}.elementor-widget-divider .elementor-divider__element{margin:0 var(--divider-element-spacing);flex-shrink:0}.elementor-widget-divider .elementor-icon{font-size:var(--divider-icon-size)}.elementor-widget-divider .elementor-divider-separator{display:flex;margin:0;direction:ltr}.elementor-widget-divider--view-line_icon .elementor-divider-separator,.elementor-widget-divider--view-line_text .elementor-divider-separator{align-items:center}.elementor-widget-divider--view-line_icon .elementor-divider-separator:after,.elementor-widget-divider--view-line_icon .elementor-divider-separator:before,.elementor-widget-divider--view-line_text .elementor-divider-separator:after,.elementor-widget-divider--view-line_text .elementor-divider-separator:before{display:block;content:\"\";border-block-end:0;flex-grow:1;border-block-start:var(--divider-border-width) var(--divider-border-style) var(--divider-color)}.elementor-widget-divider--element-align-left .elementor-divider .elementor-divider-separator>.elementor-divider__svg:first-of-type{flex-grow:0;flex-shrink:100}.elementor-widget-divider--element-align-left .elementor-divider-separator:before{content:none}.elementor-widget-divider--element-align-left .elementor-divider__element{margin-left:0}.elementor-widget-divider--element-align-right .elementor-divider .elementor-divider-separator>.elementor-divider__svg:last-of-type{flex-grow:0;flex-shrink:100}.elementor-widget-divider--element-align-right .elementor-divider-separator:after{content:none}.elementor-widget-divider--element-align-right .elementor-divider__element{margin-right:0}.elementor-widget-divider--element-align-start .elementor-divider .elementor-divider-separator>.elementor-divider__svg:first-of-type{flex-grow:0;flex-shrink:100}.elementor-widget-divider--element-align-start .elementor-divider-separator:before{content:none}.elementor-widget-divider--element-align-start .elementor-divider__element{margin-inline-start:0}.elementor-widget-divider--element-align-end .elementor-divider .elementor-divider-separator>.elementor-divider__svg:last-of-type{flex-grow:0;flex-shrink:100}.elementor-widget-divider--element-align-end .elementor-divider-separator:after{content:none}.elementor-widget-divider--element-align-end .elementor-divider__element{margin-inline-end:0}.elementor-widget-divider:not(.elementor-widget-divider--view-line_text):not(.elementor-widget-divider--view-line_icon) .elementor-divider-separator{border-block-start:var(--divider-border-width) var(--divider-border-style) var(--divider-color)}.elementor-widget-divider--separator-type-pattern{--divider-border-style:none}.elementor-widget-divider--separator-type-pattern.elementor-widget-divider--view-line .elementor-divider-separator,.elementor-widget-divider--separator-type-pattern:not(.elementor-widget-divider--view-line) .elementor-divider-separator:after,.elementor-widget-divider--separator-type-pattern:not(.elementor-widget-divider--view-line) .elementor-divider-separator:before,.elementor-widget-divider--separator-type-pattern:not([class*=elementor-widget-divider--view]) .elementor-divider-separator{width:100%;min-height:var(--divider-pattern-height);-webkit-mask-size:var(--divider-pattern-size) 100%;mask-size:var(--divider-pattern-size) 100%;-webkit-mask-repeat:var(--divider-pattern-repeat);mask-repeat:var(--divider-pattern-repeat);background-color:var(--divider-color);-webkit-mask-image:var(--divider-pattern-url);mask-image:var(--divider-pattern-url)}.elementor-widget-divider--no-spacing{--divider-pattern-size:auto}.elementor-widget-divider--bg-round{--divider-pattern-repeat:round}.rtl .elementor-widget-divider .elementor-divider__text{direction:rtl}.e-con-inner>.elementor-widget-divider,.e-con>.elementor-widget-divider{width:var(--container-widget-width,100%);--flex-grow:var(--container-widget-flex-grow)}<\/style>\t\t<div class=\"elementor-divider\">\n\t\t\t<span class=\"elementor-divider-separator\">\n\t\t\t\t\t\t<\/span>\n\t\t<\/div>\n\t\t\t\t<\/div>\n\t\t\t\t<\/div>\n\t\t\t\t<div class=\"elementor-element elementor-element-0e01aa9 elementor-widget elementor-widget-text-editor\" data-id=\"0e01aa9\" data-element_type=\"widget\" data-widget_type=\"text-editor.default\">\n\t\t\t\t<div class=\"elementor-widget-container\">\n\t\t\t<style>\/*! elementor - v3.23.0 - 15-07-2024 *\/\n.elementor-widget-text-editor.elementor-drop-cap-view-stacked .elementor-drop-cap{background-color:#69727d;color:#fff}.elementor-widget-text-editor.elementor-drop-cap-view-framed .elementor-drop-cap{color:#69727d;border:3px solid;background-color:transparent}.elementor-widget-text-editor:not(.elementor-drop-cap-view-default) .elementor-drop-cap{margin-top:8px}.elementor-widget-text-editor:not(.elementor-drop-cap-view-default) .elementor-drop-cap-letter{width:1em;height:1em}.elementor-widget-text-editor .elementor-drop-cap{float:left;text-align:center;line-height:1;font-size:50px}.elementor-widget-text-editor .elementor-drop-cap-letter{display:inline-block}<\/style>\t\t\t\t<div class=\"wpb_text_column wpb_content_element \">\n<div class=\"wpb_wrapper\">\n<h2>Si vous trouvez un meilleur prix apr\u00e8s votre r\u00e9servation, nous nous alignerons sur celui-ci.<\/h2>\n<\/div>\n<\/div>\n<div class=\"nectar-fancy-ul animated-in\" data-list-icon=\"dot\" data-animation=\"true\" data-animation-delay=\"0\" data-spacing=\"default\" data-alignment=\"left\">\n<div class=\"vc_row wpb_row vc_row-fluid no-padding vc_custom_1575013832161 vc_row-has-fill vc_row-o-equal-height vc_row-o-content-middle vc_row-flex\">\n<div class=\"wpb_column vc_column_container vc_col-sm-12\">\n<div class=\"vc_column-inner vc_custom_1575014576248\">\n<div class=\"wpb_wrapper\">\n<div class=\"wpb_text_column wpb_content_element \">\n<div class=\"wpb_wrapper\">\n<ul>\n<li><span class=\"display-flex-mejor\">Le client doit avoir effectu\u00e9 une r\u00e9servation confirm\u00e9e via www.gfhoteles.com au tarif le plus<br \/>\nbas disponible sur notre site web, et avoir obtenu le num\u00e9ro de localisateur correspondant.<\/span><\/li>\n<li><span class=\"display-flex-mejor\">Le prix inf\u00e9rieur constat\u00e9 doit pouvoir \u00eatre r\u00e9serv\u00e9 en ligne sur un autre site web dans des conditions \u00e9quivalentes \u00e0 celles de la r\u00e9servation sur gfhoteles.com, c\u2019est-\u00e0-dire que la r\u00e9servation doit \u00eatre confirm\u00e9e imm\u00e9diatement et en temps r\u00e9el. Ce prix doit s\u2019appliquer au m\u00eame h\u00f4tel pour le m\u00eame type de chambre et d\u2019h\u00e9bergement, et pour les m\u00eames dates, le m\u00eame nombre de personnes et la m\u00eame devise.\u00a0<span class=\"f-w-600-content\">La garantie ne s\u2019applique pas aux r\u00e9servations<br \/>\neffectu\u00e9es par l\u2019interm\u00e9diaire de r\u00e9servations de vol + h\u00f4tel, Stayforlong et Trip.com.<\/span>\u00a0De m\u00eame, elle ne s\u2019applique pas aux r\u00e9servations en ligne ou aux sites web o\u00f9 le nom de l\u2019h\u00f4tel que le client r\u00e9serve n\u2019est pas indiqu\u00e9 tout au long du processus de r\u00e9servation.\u00a0<span class=\"f-w-600-content\">Les photos prises avec un t\u00e9l\u00e9phone portable ne sont pas accept\u00e9es, ne sont accept\u00e9es que les captures d\u2019\u00e9cran prises \u00e0 partir d\u2019un ordinateur<\/span><\/span><\/li>\n<li><span class=\"display-flex-mejor\">La garantie ne s\u2019applique pas en cas d\u2019erreurs dans le chargement ou la publication de prix provenant d\u2019autres sites web.<\/span><\/li>\n<li><span class=\"display-flex-mejor\">La garantie s\u2019applique aux prix inf\u00e9rieurs dont les restrictions (politiques d\u2019annulation, d\u00e9p\u00f4ts, etc.) sont \u00e9gales aux restrictions applicables au tarif r\u00e9serv\u00e9 via gfhoteles.com.<\/span><\/li>\n<li><span class=\"display-flex-mejor\">La garantie ne s\u2019applique pas aux prix non publi\u00e9s ou confidentiels, \u00e0 tout type de ch\u00e9quier, aux tarifs faisant partie d\u2019un forfait de voyage avec d\u2019autres services, aux tarifs pour les entreprises, les groupes, les r\u00e9unions, etc.<\/span><\/li>\n<li><span class=\"display-flex-mejor\">La garantie fait r\u00e9f\u00e9rence au prix final \u00e0 payer par l\u2019utilisateur, qui comprend les co\u00fbts d\u00e9riv\u00e9s du service, les frais, les taxes ou les co\u00fbts de gestion que d\u2019autres sites web imposent \u00e0 leurs utilisateurs. Pour lancer le processus de remboursement de la diff\u00e9rence, il est indispensable d\u2019envoyer \u00e0 l\u2019h\u00f4tel une image du devis final, indiquant l\u2019heure et la date de la consultation. Celle-ci doit avoir \u00e9t\u00e9 faite le m\u00eame jour que la demande de remboursement \u00e0 l\u2019h\u00f4tel.<\/span><\/li>\n<li><span class=\"display-flex-mejor\">La garantie se r\u00e9f\u00e8re au prix total \u00e0 payer par l\u2019utilisateur pour l\u2019ensemble du s\u00e9jour, et non au prix partiel de certains ou de tous les jours du s\u00e9jour<\/span><\/li>\n<li><span class=\"display-flex-mejor\">La garantie ne s\u2019applique pas si le prix varie uniquement en d\u00e9cimales en raison de l\u2019arrondi, et la garantie ne s\u2019applique que si l\u2019unit\u00e9 varie (s\u2019applique avec l\u2019arrondi lorsqu\u2019il y a des diff\u00e9rences en d\u00e9cimales, c\u2019est-\u00e0-dire \u00e0 partir d\u2019une unit\u00e9 mon\u00e9taire confirm\u00e9e).<\/span><\/li>\n<li><span class=\"display-flex-mejor\">Les r\u00e9clamations doivent \u00eatre soumises dans les 24 heures suivant la r\u00e9servation initiale sur gfhoteles.com. Le d\u00e9lai de confirmation de la disparit\u00e9 par l\u2019h\u00f4tel est de 48 heures ouvrables. Le d\u00e9lai maximum est de 48 heures avant l\u2019arriv\u00e9e et le d\u00e9lai maximum de r\u00e9ponse est de 24 heures..<\/span><\/li>\n<\/ul>\n<\/div>\n<\/div>\n<\/div>\n<\/div>\n<\/div>\n<\/div>\n<\/div>\n\t\t\t\t\t\t<\/div>\n\t\t\t\t<\/div>\n\t\t\t\t\t<\/div>\n\t\t\t\t<\/div>\n\t\t\t\t<\/div>\n\t\t","protected":false},"excerpt":{"rendered":"<p>GF HOTELES P\u00e1gina<\/p>\n","protected":false},"author":2,"featured_media":17049,"parent":0,"menu_order":49,"comment_status":"closed","ping_status":"closed","template":"","meta":{"_acf_changed":false,"footnotes":""},"hotel":[913],"class_list":{"0":"post-19371","1":"page","2":"type-page","3":"status-publish","4":"has-post-thumbnail","6":"hotel-gf-hoteles-fr"},"acf":[],"publishpress_future_action":{"enabled":false,"date":"2026-04-25 19:17:28","action":"change-status","newStatus":"draft","terms":[],"taxonomy":"translation_priority"},"_links":{"self":[{"href":"https:\/\/gfhoteles.thethinkin.com\/fr\/wp-json\/wp\/v2\/pages\/19371"}],"collection":[{"href":"https:\/\/gfhoteles.thethinkin.com\/fr\/wp-json\/wp\/v2\/pages"}],"about":[{"href":"https:\/\/gfhoteles.thethinkin.com\/fr\/wp-json\/wp\/v2\/types\/page"}],"author":[{"embeddable":true,"href":"https:\/\/gfhoteles.thethinkin.com\/fr\/wp-json\/wp\/v2\/users\/2"}],"replies":[{"embeddable":true,"href":"https:\/\/gfhoteles.thethinkin.com\/fr\/wp-json\/wp\/v2\/comments?post=19371"}],"version-history":[{"count":0,"href":"https:\/\/gfhoteles.thethinkin.com\/fr\/wp-json\/wp\/v2\/pages\/19371\/revisions"}],"wp:featuredmedia":[{"embeddable":true,"href":"https:\/\/gfhoteles.thethinkin.com\/fr\/wp-json\/wp\/v2\/media\/17049"}],"wp:attachment":[{"href":"https:\/\/gfhoteles.thethinkin.com\/fr\/wp-json\/wp\/v2\/media?parent=19371"}],"wp:term":[{"taxonomy":"hotel","embeddable":true,"href":"https:\/\/gfhoteles.thethinkin.com\/fr\/wp-json\/wp\/v2\/hotel?post=19371"}],"curies":[{"name":"wp","href":"https:\/\/api.w.org\/{rel}","templated":true}]}}