{"id":19446,"date":"2022-09-23T10:53:18","date_gmt":"2022-09-23T10:53:18","guid":{"rendered":"https:\/\/gfhoteles.com\/privacidad\/"},"modified":"2023-04-12T13:29:26","modified_gmt":"2023-04-12T13:29:26","slug":"politique-de-confidentialite","status":"publish","type":"page","link":"https:\/\/gfhoteles.thethinkin.com\/fr\/politique-de-confidentialite\/","title":{"rendered":"Politique de confidentialit\u00e9"},"content":{"rendered":"\t\t<div data-elementor-type=\"wp-page\" data-elementor-id=\"19446\" class=\"elementor elementor-19446 elementor-1314\" data-elementor-post-type=\"page\">\n\t\t\t\t<div data-dce-background-image-url=\"https:\/\/gfhoteles.thethinkin.com\/wp-content\/uploads\/2023\/02\/costa-adeje-gran-hotel-tenerife-sur-pools-10.webp\" class=\"elementor-element elementor-element-06a0031 e-con-full e-flex e-con e-parent\" data-id=\"06a0031\" data-element_type=\"container\" data-settings=\"{&quot;background_background&quot;:&quot;classic&quot;}\">\n\t\t\t\t<\/div>\n\t\t<div class=\"elementor-element elementor-element-2ad4a71 e-flex e-con-boxed e-con e-parent\" data-id=\"2ad4a71\" data-element_type=\"container\">\n\t\t\t\t\t<div class=\"e-con-inner\">\n\t\t\t\t<div class=\"elementor-element elementor-element-680261c elementor-widget elementor-widget-bdt-breadcrumbs\" data-id=\"680261c\" data-element_type=\"widget\" data-widget_type=\"bdt-breadcrumbs.default\">\n\t\t\t\t<div class=\"elementor-widget-container\">\n\t\t\t<div class='bdt-ep-breadcrumbs-wrapper'><ul class=\"bdt-ep-breadcrumb breadcrumb-align-left  \"><li><a href=\"https:\/\/gfhoteles.thethinkin.com\/fr\/\"><span class=\"bdt-ep-breadcrumbs-home-icon\"> <i aria-hidden=\"true\" class=\"Array\"><\/i> <\/span>GF HOTELES<\/a><\/li>\n<li><span> Page<\/span><\/li>\n<\/ul><\/div>\t\t<\/div>\n\t\t\t\t<\/div>\n\t\t\t\t<div class=\"elementor-element elementor-element-6b06f45 elementor-widget__width-inherit elementor-widget elementor-widget-heading\" data-id=\"6b06f45\" data-element_type=\"widget\" data-widget_type=\"heading.default\">\n\t\t\t\t<div class=\"elementor-widget-container\">\n\t\t\t<style>\/*! elementor - v3.23.0 - 15-07-2024 *\/\n.elementor-heading-title{padding:0;margin:0;line-height:1}.elementor-widget-heading .elementor-heading-title[class*=elementor-size-]>a{color:inherit;font-size:inherit;line-height:inherit}.elementor-widget-heading .elementor-heading-title.elementor-size-small{font-size:15px}.elementor-widget-heading .elementor-heading-title.elementor-size-medium{font-size:19px}.elementor-widget-heading .elementor-heading-title.elementor-size-large{font-size:29px}.elementor-widget-heading .elementor-heading-title.elementor-size-xl{font-size:39px}.elementor-widget-heading .elementor-heading-title.elementor-size-xxl{font-size:59px}<\/style><h1 class=\"elementor-heading-title elementor-size-default\">Politique de confidentialit\u00e9<\/h1>\t\t<\/div>\n\t\t\t\t<\/div>\n\t\t\t\t<div class=\"elementor-element elementor-element-ba0dab7 elementor-widget-divider--view-line elementor-widget elementor-widget-divider\" data-id=\"ba0dab7\" data-element_type=\"widget\" data-widget_type=\"divider.default\">\n\t\t\t\t<div class=\"elementor-widget-container\">\n\t\t\t<style>\/*! elementor - v3.23.0 - 15-07-2024 *\/\n.elementor-widget-divider{--divider-border-style:none;--divider-border-width:1px;--divider-color:#0c0d0e;--divider-icon-size:20px;--divider-element-spacing:10px;--divider-pattern-height:24px;--divider-pattern-size:20px;--divider-pattern-url:none;--divider-pattern-repeat:repeat-x}.elementor-widget-divider .elementor-divider{display:flex}.elementor-widget-divider .elementor-divider__text{font-size:15px;line-height:1;max-width:95%}.elementor-widget-divider .elementor-divider__element{margin:0 var(--divider-element-spacing);flex-shrink:0}.elementor-widget-divider .elementor-icon{font-size:var(--divider-icon-size)}.elementor-widget-divider .elementor-divider-separator{display:flex;margin:0;direction:ltr}.elementor-widget-divider--view-line_icon .elementor-divider-separator,.elementor-widget-divider--view-line_text .elementor-divider-separator{align-items:center}.elementor-widget-divider--view-line_icon .elementor-divider-separator:after,.elementor-widget-divider--view-line_icon .elementor-divider-separator:before,.elementor-widget-divider--view-line_text .elementor-divider-separator:after,.elementor-widget-divider--view-line_text .elementor-divider-separator:before{display:block;content:\"\";border-block-end:0;flex-grow:1;border-block-start:var(--divider-border-width) var(--divider-border-style) var(--divider-color)}.elementor-widget-divider--element-align-left .elementor-divider .elementor-divider-separator>.elementor-divider__svg:first-of-type{flex-grow:0;flex-shrink:100}.elementor-widget-divider--element-align-left .elementor-divider-separator:before{content:none}.elementor-widget-divider--element-align-left .elementor-divider__element{margin-left:0}.elementor-widget-divider--element-align-right .elementor-divider .elementor-divider-separator>.elementor-divider__svg:last-of-type{flex-grow:0;flex-shrink:100}.elementor-widget-divider--element-align-right .elementor-divider-separator:after{content:none}.elementor-widget-divider--element-align-right .elementor-divider__element{margin-right:0}.elementor-widget-divider--element-align-start .elementor-divider .elementor-divider-separator>.elementor-divider__svg:first-of-type{flex-grow:0;flex-shrink:100}.elementor-widget-divider--element-align-start .elementor-divider-separator:before{content:none}.elementor-widget-divider--element-align-start .elementor-divider__element{margin-inline-start:0}.elementor-widget-divider--element-align-end .elementor-divider .elementor-divider-separator>.elementor-divider__svg:last-of-type{flex-grow:0;flex-shrink:100}.elementor-widget-divider--element-align-end .elementor-divider-separator:after{content:none}.elementor-widget-divider--element-align-end .elementor-divider__element{margin-inline-end:0}.elementor-widget-divider:not(.elementor-widget-divider--view-line_text):not(.elementor-widget-divider--view-line_icon) .elementor-divider-separator{border-block-start:var(--divider-border-width) var(--divider-border-style) var(--divider-color)}.elementor-widget-divider--separator-type-pattern{--divider-border-style:none}.elementor-widget-divider--separator-type-pattern.elementor-widget-divider--view-line .elementor-divider-separator,.elementor-widget-divider--separator-type-pattern:not(.elementor-widget-divider--view-line) .elementor-divider-separator:after,.elementor-widget-divider--separator-type-pattern:not(.elementor-widget-divider--view-line) .elementor-divider-separator:before,.elementor-widget-divider--separator-type-pattern:not([class*=elementor-widget-divider--view]) .elementor-divider-separator{width:100%;min-height:var(--divider-pattern-height);-webkit-mask-size:var(--divider-pattern-size) 100%;mask-size:var(--divider-pattern-size) 100%;-webkit-mask-repeat:var(--divider-pattern-repeat);mask-repeat:var(--divider-pattern-repeat);background-color:var(--divider-color);-webkit-mask-image:var(--divider-pattern-url);mask-image:var(--divider-pattern-url)}.elementor-widget-divider--no-spacing{--divider-pattern-size:auto}.elementor-widget-divider--bg-round{--divider-pattern-repeat:round}.rtl .elementor-widget-divider .elementor-divider__text{direction:rtl}.e-con-inner>.elementor-widget-divider,.e-con>.elementor-widget-divider{width:var(--container-widget-width,100%);--flex-grow:var(--container-widget-flex-grow)}<\/style>\t\t<div class=\"elementor-divider\">\n\t\t\t<span class=\"elementor-divider-separator\">\n\t\t\t\t\t\t<\/span>\n\t\t<\/div>\n\t\t\t\t<\/div>\n\t\t\t\t<\/div>\n\t\t\t\t<div class=\"elementor-element elementor-element-b62b4cc elementor-widget elementor-widget-text-editor\" data-id=\"b62b4cc\" data-element_type=\"widget\" data-widget_type=\"text-editor.default\">\n\t\t\t\t<div class=\"elementor-widget-container\">\n\t\t\t<style>\/*! elementor - v3.23.0 - 15-07-2024 *\/\n.elementor-widget-text-editor.elementor-drop-cap-view-stacked .elementor-drop-cap{background-color:#69727d;color:#fff}.elementor-widget-text-editor.elementor-drop-cap-view-framed .elementor-drop-cap{color:#69727d;border:3px solid;background-color:transparent}.elementor-widget-text-editor:not(.elementor-drop-cap-view-default) .elementor-drop-cap{margin-top:8px}.elementor-widget-text-editor:not(.elementor-drop-cap-view-default) .elementor-drop-cap-letter{width:1em;height:1em}.elementor-widget-text-editor .elementor-drop-cap{float:left;text-align:center;line-height:1;font-size:50px}.elementor-widget-text-editor .elementor-drop-cap-letter{display:inline-block}<\/style>\t\t\t\t<div class=\"vc_row wpb_row vc_row-fluid content-wrapper\">\n<div class=\"wpb_column vc_column_container vc_col-sm-12\">\n<div class=\"vc_column-inner\">\n<div class=\"wpb_wrapper\">\n<div class=\"wpb_text_column wpb_content_element \">\n<div class=\"wpb_wrapper\">\n<h3><strong>1. INFORMATIONS DE BASE SUR LA PROTECTION DES DONN\u00c9ES<\/strong><\/h3>\n<table border=\"1\" width=\"1096\" cellspacing=\"0\" cellpadding=\"7\">\n<colgroup>\n<col width=\"127\" \/>\n<col width=\"372\" \/><\/colgroup>\n<tbody>\n<tr>\n<td valign=\"TOP\" width=\"127\">\n<p align=\"LEFT\"><strong>Responsable<\/strong><\/p>\n<\/td>\n<td width=\"372\">\n<p align=\"LEFT\">Le responsable du traitement de vos donn\u00e9es est :<br \/>\nGRUPO FEDOLA, S.L. \u2013 B38573192<br \/>\nEDIFICIO OLYMPO, CANDELARIA, 28, 1er \u00c9TAGE &#8211; 38002 &#8211; Santa Cruz de Tenerife<br \/>\nT\u00e9l\u00e9phone : 922151499<br \/>\nSite Web : gfhoteles.com\/ https:\/\/emocionatetours.com\/es\/<br \/>\nE-mail : protecciondedatos@grupofedola.com<\/p>\n<\/td>\n<\/tr>\n<tr>\n<td valign=\"TOP\" width=\"127\">\n<p align=\"LEFT\"><strong>Finalit\u00e9<\/strong><\/p>\n<\/td>\n<td width=\"372\">\n<p align=\"LEFT\">Les informations d&rsquo;identification et de contact fournies dans ce formulaire seront utilis\u00e9es pour fournir des informations commerciales par GRUPO FEDOLA, S.L. pour l&rsquo;envoi d&rsquo;informations commerciales li\u00e9es aux entit\u00e9s h\u00f4teli\u00e8res du GROUPE (Costa Adeje Gran Hotel, S.L., Explotaciones Santonel, S.L., Isabel Family Hotel, S.L.U.; Felahotel, S.L.U; Noelia Playa, S.L.U; Camulse S.L.U.)<br \/>\nEn acceptant, vous recevrez \u00e9galement des informations sur l&rsquo;entit\u00e9 NOELIA PLAYA, S.L.U. Plus pr\u00e9cis\u00e9ment, vous recevrez des offres, des promotions et\/ou des r\u00e9ductions qui pourraient vous int\u00e9resser par rapport \u00e0 votre nouvelle activit\u00e9 EMOCIONATE concernant les agences de voyages.<br \/>\nL&rsquo;envoi d&rsquo;informations sur l&rsquo;entit\u00e9 CAMULSE, S.L.U concernant son activit\u00e9 SPA sera \u00e9galement accept\u00e9.<br \/>\nLes donn\u00e9es ne seront pas utilis\u00e9es \u00e0 d&rsquo;autres fins que celles indiqu\u00e9es dans le pr\u00e9sent document et seront conserv\u00e9es tant que le consentement donn\u00e9 est valide, et une fois r\u00e9voqu\u00e9, pendant les p\u00e9riodes \u00e9tablies par la loi. De m\u00eame, vous pouvez demander la r\u00e9vocation de votre autorisation par les voies \u00e9tablies \u00e0 cet effet. De plus, cette r\u00e9vocation n&rsquo;affectera pas les traitements effectu\u00e9s pendant sa validit\u00e9.<\/p>\n<\/td>\n<\/tr>\n<tr>\n<td valign=\"TOP\" width=\"127\">\n<p align=\"LEFT\"><strong>L\u00e9gitimit\u00e9<\/strong><\/p>\n<\/td>\n<td width=\"372\">\n<p align=\"LEFT\">GRUPO FEDOLA, S.L. est l\u00e9gitim\u00e9 pour le traitement de vos donn\u00e9es en vertu de l&rsquo;article 6.1.a) du RGPD \u00ab\u00a0la personne concern\u00e9e a donn\u00e9 son consentement au traitement de ses donn\u00e9es \u00e0 caract\u00e8re personnel pour une ou plusieurs finalit\u00e9s sp\u00e9cifiques\u00a0\u00bb. En signant ce formulaire, vous donnez votre consentement pour l&rsquo;envoi de messages commerciaux.<br \/>\nDestinataires : Vos donn\u00e9es ne seront pas communiqu\u00e9es \u00e0 des tiers, sauf aux organismes \u00e9tablis par la loi.<\/p>\n<\/td>\n<\/tr>\n<tr>\n<td valign=\"TOP\" width=\"127\">\n<p align=\"LEFT\"><strong>Destinataires<\/strong><\/p>\n<\/td>\n<td width=\"372\">\n<p align=\"LEFT\">Vos donn\u00e9es ne seront pas communiqu\u00e9es \u00e0 des tiers, sauf aux organismes \u00e9tablis par la loi.<\/p>\n<\/td>\n<\/tr>\n<tr>\n<td valign=\"TOP\" width=\"127\">\n<p align=\"LEFT\"><strong>Droits<\/strong><\/p>\n<\/td>\n<td width=\"372\">\n<p align=\"LEFT\">Vous pouvez exercer vos droits d&rsquo;acc\u00e8s, de rectification, d&rsquo;effacement et d&rsquo;opposition, de portabilit\u00e9, de limitation, et de ne pas faire l&rsquo;objet de d\u00e9cisions automatis\u00e9es, ainsi que de retirer le consentement donn\u00e9 \u00e0 l&rsquo;adresse indiqu\u00e9e ci-dessus.<br \/>\nVous avez \u00e9galement le droit de d\u00e9poser une plainte aupr\u00e8s de l&rsquo;Autorit\u00e9 de contr\u00f4le (Agence espagnole de protection des donn\u00e9es www.aepd.es)<\/p>\n<\/td>\n<\/tr>\n<tr>\n<td valign=\"TOP\" width=\"127\">\n<p align=\"LEFT\"><strong>Informations suppl\u00e9mentaires<\/strong><\/p>\n<\/td>\n<td width=\"372\">\n<p align=\"LEFT\">Vous pouvez consulter des informations suppl\u00e9mentaires et d\u00e9taill\u00e9es sur la protection des donn\u00e9es dans nos installations ou en demandant une copie \u00e0 protecciondedatos@grupofedola.com<\/p>\n<\/td>\n<\/tr>\n<\/tbody>\n<\/table>\n<p>&nbsp;<\/p>\n<h3><strong>2. What is your personal data used for?<\/strong><\/h3>\n<p>At WWW.GFHOTELES.COM, when the user accepts our privacy policy they authorise us to use and process the personal data provided for the following purposes:<\/p>\n<ul>\n<li>To send information and provide the service you request through the various forms available on our website.<\/li>\n<li>To provide information about the offers, products and services requested.<\/li>\n<li>Occasionally, GF HOTELES may use your personal information to send notifications by e-mail. These notifications will be made to inform about the changes in our services or products or in our legal conditions.<\/li>\n<li>To process your online purchases through our platform.<\/li>\n<li>To manage your comments on our blog.<\/li>\n<li>To send you our newsletter when you subscribe with our special offers, activities and promotions from GF HOTELES and the sector that may be of interest to you.<\/li>\n<li>To send you commercial communications from GF HOTELES and the sector that may be of interest to you by conventional or electronic means when you tick the box confirming you would like to receive such information.<\/li>\n<\/ul>\n<p>WWW.GFHOTELES.COM also collects information from users of the website not provided directly by them through cookies and data storage and recovery mechanisms. The data collected through cookies and other mechanisms will be used for statistical studies and profile analysis in order to provide a better service through our website, for which the GOOGLE ANALYTICS application, which is a Google tool, will be used to help the owners of websites to analyse how their visitors interact with their properties. You can get further information about its privacy policy at\u00a0<a href=\"https:\/\/www.google.es\/intl\/es_ALL\/analytics\/learn\/privacy.html\" target=\"_blank\" rel=\"noopener\">https:\/\/www.google.es\/intl\/es_ALL\/analytics\/learn\/privacy.html<\/a><\/p>\n<p>The tool we use for our advertising and commercial research is GOOGLE ADWORDS. You can get further information about the privacy policy at\u00a0<a href=\"https:\/\/policies.google.com\/privacy?hl=es.\" target=\"_blank\" rel=\"noopener\">https:\/\/policies.google.com\/privacy?hl=es.<\/a><\/p>\n<p>Google, including all its tools, complies with the EU-US Privacy Shield Framework, in accordance with the provisions of the United States Department of Commerce regarding the collection, use and storage of personal information of member countries of the European Union.<\/p>\n<p>WWW.GFHOTELES.COM will try at all times to establish adequate mechanisms to obtain the consent of the User for the installation of cookies that require it. When a user accesses our website, a pop-up appears informing them of the existence of cookies and that if you continue browsing our website, you consent to the installation of cookies. The acceptance of the installation of the cookies implies the acceptance of the storage of the IP address in the records of WWW.GFHOTELES.COM, together with the date of acceptance, for a period of one year, in order to prove consent. For more information, check our \u201cCookies Policy\u201d section.<\/p>\n<h3><strong>3. What is the legal basis for processing your data?<\/strong><\/h3>\n<p>The legal basis for GF HOTELES processing your data is the following:<\/p>\n<ul>\n<li>In the execution of a pre-contract\/contract to send you the information and provide the requested service, for the management of your online purchases and to register you as a registered user, not being possible otherwise.<\/li>\n<li>In the consent by the user for the sending of the newsletter and commercial communications on special offers, activities and promotions from GF HOTELES and the sector that may be of interest and the management of our blog. The user can withdraw their consent at any time.<\/li>\n<\/ul>\n<h3><strong>4. How long do we store your data for?<\/strong><\/h3>\n<p>The data to send you information or provide the service you request through the various forms available on our website, to manage your online purchases through our platform, and your registration as a user will be stored for as long as the contractual relationship is considered valid, and until expiry of the statutory period of limitation.<br \/>\nThe information processed when sending the newsletter, commercial communications on special offers, activities and promotions from GF HOTELES and the sector that may be of interest to you, management of the blog will be stored unless the user withdraws consent.<br \/>\nThe IP address obtained through the cookies will be stored for one year, in order to prove the user\u2019s consent.<br \/>\nRegarding the storage period of cookies, you can obtain more information on our website in the \u201cCookies policy\u201d section.<\/p>\n<h3><strong>5. What kind of data do we process from our users?<\/strong><\/h3>\n<p>GF HOTELES processes the following categories of data:<\/p>\n<p>a) Data of the users that fill any of the available forms: The personal data that GF HOTELES requests includes the following:<\/p>\n<ul>\n<li>Identification data: name and surnames, phone number, address and e-mail.<\/li>\n<li>Data related to the request.<\/li>\n<\/ul>\n<p>b) Data of the users who subscribe to the newsletter\/would like to receive commercial communications and information:<br \/>\nIdentification data: Name and surname, e-mail.<\/p>\n<p>c) Data of users who register on our platform:<br \/>\nIdentification data: Name and surname, address and e-mail, phone number, billing address.<\/p>\n<p>d) Data of the users who make a purchase:<\/p>\n<ul>\n<li>Identification data: Form of address, name, surname, address and e-mail, phone number, billing address.<\/li>\n<li>Transaction data: Products purchased and method of payment.<\/li>\n<\/ul>\n<p>e) Data of users who browse our website: Data provided by cookies and by Google Analytics.<br \/>\nf) Data from users who post comments on our blog.<\/p>\n<p>Only those over 16 years old can provide data through our website. If you are under this age you must have consent to use your data from your parent or legal guardian.<br \/>\nThe user guarantees the authenticity and relevance of all data submitted to GF HOTELES and declares that they are over 16 years of age, and they will be solely responsible for any false or inaccurate statements that they make.<br \/>\nThe personal data processed by GF HOTELES can be mandatory or voluntary.<br \/>\nVoluntary information is that which the user is not obliged to provide to contact us.<br \/>\nThe fields marked with an asterisk (*) or with the word (required) in our forms are mandatory, the refusal to supply them will make it impossible to provide the service or meet your request.<br \/>\nIn the event that you provide us with data from third parties, you must have their consent and agree to transfer the information that we provide you in this clause, exempting GF HOTELES from any type of obligation. However, GF HOTELES may carry out verifications to confirm that the third party has been informed, adopting the measures of diligence established in the data protection regulations.<\/p>\n<h3><strong>6. To which recipients will your data be communicated?<\/strong><\/h3>\n<p>No data will be transferred to third parties, except for under legal obligation, to Group companies or unless it is necessary to meet your request.<\/p>\n<h3><strong>7. What rights do I have and how can I exercise them?<\/strong><\/h3>\n<p>The user can exercise the following rights before GF HOTELS:<br \/>\na) Access their personal data.<br \/>\nb) Correct it when they are inaccurate or incomplete.<br \/>\nc) Request the deletion or cancellation of data when, among other reasons, it is no longer necessary for the purposes for which it was collected.<br \/>\nd) Object to processing.<br \/>\ne) Request the restriction of the processing of their data when any of the conditions provided in the regulations are met.<br \/>\nf) Request the portability of their data in the cases provided in the regulations.<br \/>\ng) Prevent being subject to automated decisions.<br \/>\nh) Withdraw consent.<\/p>\n<p>In order for the user to exercise their rights, they must send a letter indicating the right they wish to exercise and accompany it with a document accrediting their identity and address or e-mail for notification purposes. This request can be made, either by post to: GF HOTELES Edificio Olympo, Candelaria, 28, 1\u00aa Planta, 38002 \u2013 Santa Cruz De Tenerife, or by e-mail to: info@gfhoteles.com.<br \/>\nGF HOTELES must answer the request for the exercise of rights within one month of receiving the request. This period may be extended for another two months if necessary, taking into account the complexity and the number of applications. We will inform you of any extension within one month of receiving the request stating the reasons for the delay.<br \/>\nLikewise, the interested parties have the right to file a complaint before the competent Control Authority (Spanish Data Protection Agency) if they consider that GF HOTELES has violated the rights that data protection regulations recognise at\u00a0<a href=\"http:\/\/www.aepd.es.\/\" target=\"_blank\" rel=\"noopener\">www.aepd.es.<\/a><\/p>\n<h3><strong>8. Is my data safe?<\/strong><\/h3>\n<p>GF HOTELES has a current contract with the company Hosting thinkin.es, which is a Canary Island company based in Las Charifas and has the appropriate technical and security means. Likewise, it has a contract with GF-TIC for the assistance and integral computer and server maintenance, the Canary Island company belonging to the Fedola Group and that has all the technical and organisational security measures.<br \/>\nGF HOTELES guarantees the adoption of appropriate measures to ensure the confidential handling of your data, taking into account the reserved nature thereof.<br \/>\nGF HOTELES undertakes to maintain data secret, processing it with the utmost reserve, and declares to have implemented the security policies in its information system corresponding to the type of data processed in accordance with the provisions of REGULATION (EU) 2016\/679 OF THE PARLIAMENT EUROPE AND OF THE COUNCIL of 27 April 2016 on the protection of natural persons with regard to the processing of personal data and the free circulation of such data (GDPR).<br \/>\nAll the data provided through our platform is handled using a secure protocol. Our website has an SSL certificate that allows an encrypted connection to be established when a user visits our website and exchanges information with us.<\/p>\n<h3><strong>9. Do you need an account and\/or password?<\/strong><\/h3>\n<p>The user can register on our website, for which the creation of an account is essential. It is the responsibility of the user to maintain the confidentiality of the account information, including the password, as well as each and every one of the activities that take place therein.<br \/>\nThe user is obliged to inform GF HOTELES immediately in case of an illegitimate use of their account or password, or if any security-related problem occurs, by sending an email to info@gfhoteles.com<\/p>\n<h3><strong>10. Links to other websites<\/strong><\/h3>\n<p>If you choose to leave our website through links to other websites not belonging to our entity, GF HOTELES will not be responsible for the privacy policies of these websites or the cookies they may store on the user\u2019s computer.<\/p>\n<\/div>\n<\/div>\n<\/div>\n<\/div>\n<\/div>\n<\/div>\n<section id=\"GF-Isabel-data-protection\" class=\"vc_section\">\n<div class=\"vc_row wpb_row vc_row-fluid\">\n<div class=\"wpb_column vc_column_container vc_col-sm-12\">\n<div class=\"vc_column-inner\">\n<div class=\"wpb_wrapper\">\n<div class=\"wpb_text_column wpb_content_element \">\n<div class=\"wpb_wrapper\">\n<p>&nbsp;<\/p>\n<\/div>\n<\/div>\n<\/div>\n<\/div>\n<\/div>\n<\/div>\n<\/section>\n\t\t\t\t\t\t<\/div>\n\t\t\t\t<\/div>\n\t\t\t\t\t<\/div>\n\t\t\t\t<\/div>\n\t\t\t\t<\/div>\n\t\t","protected":false},"excerpt":{"rendered":"<p>GF HOTELES P\u00e1gina<\/p>\n","protected":false},"author":2,"featured_media":7759,"parent":0,"menu_order":125,"comment_status":"closed","ping_status":"closed","template":"","meta":{"_acf_changed":false,"footnotes":""},"hotel":[913],"class_list":{"0":"post-19446","1":"page","2":"type-page","3":"status-publish","4":"has-post-thumbnail","6":"hotel-gf-hoteles-fr"},"acf":[],"publishpress_future_action":{"enabled":false,"date":"2026-04-25 19:17:27","action":"change-status","newStatus":"draft","terms":[],"taxonomy":"translation_priority"},"_links":{"self":[{"href":"https:\/\/gfhoteles.thethinkin.com\/fr\/wp-json\/wp\/v2\/pages\/19446"}],"collection":[{"href":"https:\/\/gfhoteles.thethinkin.com\/fr\/wp-json\/wp\/v2\/pages"}],"about":[{"href":"https:\/\/gfhoteles.thethinkin.com\/fr\/wp-json\/wp\/v2\/types\/page"}],"author":[{"embeddable":true,"href":"https:\/\/gfhoteles.thethinkin.com\/fr\/wp-json\/wp\/v2\/users\/2"}],"replies":[{"embeddable":true,"href":"https:\/\/gfhoteles.thethinkin.com\/fr\/wp-json\/wp\/v2\/comments?post=19446"}],"version-history":[{"count":0,"href":"https:\/\/gfhoteles.thethinkin.com\/fr\/wp-json\/wp\/v2\/pages\/19446\/revisions"}],"wp:featuredmedia":[{"embeddable":true,"href":"https:\/\/gfhoteles.thethinkin.com\/fr\/wp-json\/wp\/v2\/media\/7759"}],"wp:attachment":[{"href":"https:\/\/gfhoteles.thethinkin.com\/fr\/wp-json\/wp\/v2\/media?parent=19446"}],"wp:term":[{"taxonomy":"hotel","embeddable":true,"href":"https:\/\/gfhoteles.thethinkin.com\/fr\/wp-json\/wp\/v2\/hotel?post=19446"}],"curies":[{"name":"wp","href":"https:\/\/api.w.org\/{rel}","templated":true}]}}