{"id":20052,"date":"2023-02-20T12:53:58","date_gmt":"2023-02-20T12:53:58","guid":{"rendered":"https:\/\/gfhoteles.com\/reglamento-interno\/"},"modified":"2023-04-12T13:32:00","modified_gmt":"2023-04-12T13:32:00","slug":"reglement-interieur","status":"publish","type":"page","link":"https:\/\/gfhoteles.thethinkin.com\/fr\/reglement-interieur\/","title":{"rendered":"R\u00e8glement int\u00e9rieur"},"content":{"rendered":"\t\t<div data-elementor-type=\"wp-page\" data-elementor-id=\"20052\" class=\"elementor elementor-20052 elementor-6840\" data-elementor-post-type=\"page\">\n\t\t\t\t<div data-dce-background-image-url=\"https:\/\/gfhoteles.thethinkin.com\/wp-content\/uploads\/2023\/03\/RGL7470_2.webp\" class=\"elementor-element elementor-element-2f2d7d2 e-con-full e-flex e-con e-parent\" data-id=\"2f2d7d2\" data-element_type=\"container\" data-settings=\"{&quot;background_background&quot;:&quot;classic&quot;}\">\n\t\t\t\t<\/div>\n\t\t<div class=\"elementor-element elementor-element-1681fa3 e-flex e-con-boxed e-con e-parent\" data-id=\"1681fa3\" data-element_type=\"container\">\n\t\t\t\t\t<div class=\"e-con-inner\">\n\t\t\t\t<div class=\"elementor-element elementor-element-32e4c40 elementor-widget elementor-widget-bdt-breadcrumbs\" data-id=\"32e4c40\" data-element_type=\"widget\" data-widget_type=\"bdt-breadcrumbs.default\">\n\t\t\t\t<div class=\"elementor-widget-container\">\n\t\t\t<div class='bdt-ep-breadcrumbs-wrapper'><ul class=\"bdt-ep-breadcrumb breadcrumb-align-left  \"><li><a href=\"https:\/\/gfhoteles.thethinkin.com\/fr\/\"><span class=\"bdt-ep-breadcrumbs-home-icon\"> <i aria-hidden=\"true\" class=\"Array\"><\/i> <\/span>GF HOTELES<\/a><\/li>\n<li><span> Page<\/span><\/li>\n<\/ul><\/div>\t\t<\/div>\n\t\t\t\t<\/div>\n\t\t\t\t<div class=\"elementor-element elementor-element-2b61901 elementor-widget__width-inherit elementor-widget elementor-widget-heading\" data-id=\"2b61901\" data-element_type=\"widget\" data-widget_type=\"heading.default\">\n\t\t\t\t<div class=\"elementor-widget-container\">\n\t\t\t<style>\/*! elementor - v3.23.0 - 15-07-2024 *\/\n.elementor-heading-title{padding:0;margin:0;line-height:1}.elementor-widget-heading .elementor-heading-title[class*=elementor-size-]>a{color:inherit;font-size:inherit;line-height:inherit}.elementor-widget-heading .elementor-heading-title.elementor-size-small{font-size:15px}.elementor-widget-heading .elementor-heading-title.elementor-size-medium{font-size:19px}.elementor-widget-heading .elementor-heading-title.elementor-size-large{font-size:29px}.elementor-widget-heading .elementor-heading-title.elementor-size-xl{font-size:39px}.elementor-widget-heading .elementor-heading-title.elementor-size-xxl{font-size:59px}<\/style><h1 class=\"elementor-heading-title elementor-size-default\">R\u00e8glement int\u00e9rieur<\/h1>\t\t<\/div>\n\t\t\t\t<\/div>\n\t\t\t\t<div class=\"elementor-element elementor-element-058b883 elementor-widget-divider--view-line elementor-widget elementor-widget-divider\" data-id=\"058b883\" data-element_type=\"widget\" data-widget_type=\"divider.default\">\n\t\t\t\t<div class=\"elementor-widget-container\">\n\t\t\t<style>\/*! elementor - v3.23.0 - 15-07-2024 *\/\n.elementor-widget-divider{--divider-border-style:none;--divider-border-width:1px;--divider-color:#0c0d0e;--divider-icon-size:20px;--divider-element-spacing:10px;--divider-pattern-height:24px;--divider-pattern-size:20px;--divider-pattern-url:none;--divider-pattern-repeat:repeat-x}.elementor-widget-divider .elementor-divider{display:flex}.elementor-widget-divider .elementor-divider__text{font-size:15px;line-height:1;max-width:95%}.elementor-widget-divider .elementor-divider__element{margin:0 var(--divider-element-spacing);flex-shrink:0}.elementor-widget-divider .elementor-icon{font-size:var(--divider-icon-size)}.elementor-widget-divider .elementor-divider-separator{display:flex;margin:0;direction:ltr}.elementor-widget-divider--view-line_icon .elementor-divider-separator,.elementor-widget-divider--view-line_text .elementor-divider-separator{align-items:center}.elementor-widget-divider--view-line_icon .elementor-divider-separator:after,.elementor-widget-divider--view-line_icon .elementor-divider-separator:before,.elementor-widget-divider--view-line_text .elementor-divider-separator:after,.elementor-widget-divider--view-line_text .elementor-divider-separator:before{display:block;content:\"\";border-block-end:0;flex-grow:1;border-block-start:var(--divider-border-width) var(--divider-border-style) var(--divider-color)}.elementor-widget-divider--element-align-left .elementor-divider .elementor-divider-separator>.elementor-divider__svg:first-of-type{flex-grow:0;flex-shrink:100}.elementor-widget-divider--element-align-left .elementor-divider-separator:before{content:none}.elementor-widget-divider--element-align-left .elementor-divider__element{margin-left:0}.elementor-widget-divider--element-align-right .elementor-divider .elementor-divider-separator>.elementor-divider__svg:last-of-type{flex-grow:0;flex-shrink:100}.elementor-widget-divider--element-align-right .elementor-divider-separator:after{content:none}.elementor-widget-divider--element-align-right .elementor-divider__element{margin-right:0}.elementor-widget-divider--element-align-start .elementor-divider .elementor-divider-separator>.elementor-divider__svg:first-of-type{flex-grow:0;flex-shrink:100}.elementor-widget-divider--element-align-start .elementor-divider-separator:before{content:none}.elementor-widget-divider--element-align-start .elementor-divider__element{margin-inline-start:0}.elementor-widget-divider--element-align-end .elementor-divider .elementor-divider-separator>.elementor-divider__svg:last-of-type{flex-grow:0;flex-shrink:100}.elementor-widget-divider--element-align-end .elementor-divider-separator:after{content:none}.elementor-widget-divider--element-align-end .elementor-divider__element{margin-inline-end:0}.elementor-widget-divider:not(.elementor-widget-divider--view-line_text):not(.elementor-widget-divider--view-line_icon) .elementor-divider-separator{border-block-start:var(--divider-border-width) var(--divider-border-style) var(--divider-color)}.elementor-widget-divider--separator-type-pattern{--divider-border-style:none}.elementor-widget-divider--separator-type-pattern.elementor-widget-divider--view-line .elementor-divider-separator,.elementor-widget-divider--separator-type-pattern:not(.elementor-widget-divider--view-line) .elementor-divider-separator:after,.elementor-widget-divider--separator-type-pattern:not(.elementor-widget-divider--view-line) .elementor-divider-separator:before,.elementor-widget-divider--separator-type-pattern:not([class*=elementor-widget-divider--view]) .elementor-divider-separator{width:100%;min-height:var(--divider-pattern-height);-webkit-mask-size:var(--divider-pattern-size) 100%;mask-size:var(--divider-pattern-size) 100%;-webkit-mask-repeat:var(--divider-pattern-repeat);mask-repeat:var(--divider-pattern-repeat);background-color:var(--divider-color);-webkit-mask-image:var(--divider-pattern-url);mask-image:var(--divider-pattern-url)}.elementor-widget-divider--no-spacing{--divider-pattern-size:auto}.elementor-widget-divider--bg-round{--divider-pattern-repeat:round}.rtl .elementor-widget-divider .elementor-divider__text{direction:rtl}.e-con-inner>.elementor-widget-divider,.e-con>.elementor-widget-divider{width:var(--container-widget-width,100%);--flex-grow:var(--container-widget-flex-grow)}<\/style>\t\t<div class=\"elementor-divider\">\n\t\t\t<span class=\"elementor-divider-separator\">\n\t\t\t\t\t\t<\/span>\n\t\t<\/div>\n\t\t\t\t<\/div>\n\t\t\t\t<\/div>\n\t\t\t\t<div class=\"elementor-element elementor-element-379a063 elementor-widget elementor-widget-text-editor\" data-id=\"379a063\" data-element_type=\"widget\" data-widget_type=\"text-editor.default\">\n\t\t\t\t<div class=\"elementor-widget-container\">\n\t\t\t<style>\/*! elementor - v3.23.0 - 15-07-2024 *\/\n.elementor-widget-text-editor.elementor-drop-cap-view-stacked .elementor-drop-cap{background-color:#69727d;color:#fff}.elementor-widget-text-editor.elementor-drop-cap-view-framed .elementor-drop-cap{color:#69727d;border:3px solid;background-color:transparent}.elementor-widget-text-editor:not(.elementor-drop-cap-view-default) .elementor-drop-cap{margin-top:8px}.elementor-widget-text-editor:not(.elementor-drop-cap-view-default) .elementor-drop-cap-letter{width:1em;height:1em}.elementor-widget-text-editor .elementor-drop-cap{float:left;text-align:center;line-height:1;font-size:50px}.elementor-widget-text-editor .elementor-drop-cap-letter{display:inline-block}<\/style>\t\t\t\t<h3><strong>1.- DROIT D\u2019ADMISSION<\/strong><\/h3>\n<p align=\"justify\">Dans l\u2019exercice du droit d\u2019admission, dont disposent les propri\u00e9taires d\u2019\u00e9tablissements de restauration, r\u00e9glement\u00e9 dans le d\u00e9cret 86\/2013 (articles 47 et 49), \u00e0 tout moment,\u00a0<b>pourront \u00eatre expuls\u00e9es de l\u2019\u00e9tablissement h\u00f4telier et sont express\u00e9ment interdites d\u2019acc\u00e8s :<\/b><\/p>\n<p>a) Les personnes cherchant \u00e0 acc\u00e9der apr\u00e8s que la limite de capacit\u00e9 autoris\u00e9e ait \u00e9t\u00e9 d\u00e9pass\u00e9e ou apr\u00e8s les heures d\u2019ouverture de l\u2019\u00e9tablissement.<br \/>\nb) Les personnes faisant preuve d\u2019attitudes violentes ou incitant publiquement \u00e0 la haine, \u00e0 la violence ou \u00e0 la discrimination en raison de la naissance, de la race, du sexe, de la religion, des opinions, du handicap, de l\u2019orientation sexuelle, de l\u2019identit\u00e9 de genre ou de toute autre condition ou circonstance sociale ou personnelle et, en particulier, celles ayant un comportement agressif ou provoquant des troubles \u00e0 l\u2019ext\u00e9rieur ou \u00e0 l\u2019entr\u00e9e et celles portant des armes ou des objets susceptibles d\u2019\u00eatre utilis\u00e9s comme armes.<br \/>\nc)Les personnes qui pr\u00e9sentent des signes d\u2019ivresse ou qui consomment ou pr\u00e9sentent des signes de consommation de drogues ou de stup\u00e9fiants.<br \/>\nd) Les personnes n\u2019ayant pas l\u2019\u00e2ge minimum requis, conform\u00e9ment \u00e0 la r\u00e9glementation en vigueur, sauf si elles sont accompagn\u00e9es de leurs parents ou de leur tuteur l\u00e9gal.<br \/>\ne) Les personnes qui ne respectent pas le code vestimentaire exig\u00e9 dans chaque cas par le personnel de l\u2019h\u00f4tel pour chaque \u00e9v\u00e9nement ou zone de l\u2019h\u00f4tel.<br \/>\nf) Les personnes utilisant les piscines en dehors des heures d\u2019ouverture pr\u00e9vues.<br \/>\ng) Les personnes qui introduisent des animaux dans l\u2019h\u00f4tel sans l\u2019autorisation \u00e9crite de la direction, \u00e0 l\u2019exception des personnes pr\u00e9sentant une diversit\u00e9 fonctionnelle.<br \/>\nh) Les personnes qui causent des perturbations, du bruit, des dommages aux installations de l\u2019h\u00f4tel, des attitudes contraires \u00e0 la sant\u00e9 et \u00e0 la propret\u00e9 de l\u2019\u00e9tablissement et, en g\u00e9n\u00e9ral, les personnes qui ne respectent pas les instructions du personnel de l\u2019h\u00f4tel concernant la biens\u00e9ance, le bon voisinage et toute autre instruction.<br \/>\ni) Les utilisateurs doivent quitter la chambre lorsqu\u2019ils ne paient pas ou lorsque la dur\u00e9e de la r\u00e9servation est termin\u00e9e, sauf accord contraire avec l\u2019h\u00f4tel.<br \/>\nj) \u2018Les clients qui pratiquent le \u00ab\u00a0balconing\u00a0\u00bb.<\/p>\n<p>Si une personne se trouve dans l\u2019\u00e9tablissement dans les conditions d\u00e9crites ci-dessus, elle pourra \u00eatre expuls\u00e9e par le propri\u00e9taire de l\u2019\u00e9tablissement ou son repr\u00e9sentant \u00e0 tout moment, et l\u2019assistance des forces de l\u2019ordre et organismes de s\u00e9curit\u00e9 pourra \u00eatre requise.<\/p>\n<h3><strong>2.- R\u00c8GLES PENDANT LE S\u00c9JOUR DANS L\u2019\u00c9TABLISSEMENT<\/strong><\/h3>\n<p>La circulation et le s\u00e9jour \u00e0 l\u2019int\u00e9rieur de l\u2019\u00e9tablissement se feront dans les lieux r\u00e9serv\u00e9s aux clients, sans qu\u2019ils puissent acc\u00e9der en aucun cas aux salles ou espaces r\u00e9serv\u00e9s ou priv\u00e9s. La tenue ou les v\u00eatements doivent \u00eatre conformes \u00e0 l\u2019usage dans chaque cas.<\/p>\n<p>Les instructions expresses du personnel de l\u2019h\u00f4tel concernant le comportement, la tenue, le comportement et toute autre instruction visant \u00e0 assurer un s\u00e9jour agr\u00e9able \u00e0 tous les clients de l\u2019h\u00f4tel doivent \u00eatre respect\u00e9es. Les r\u00e8gles suivantes doivent \u00eatre respect\u00e9es :<\/p>\n<p>a) Il est interdit d\u2019acc\u00e9der au bar\/restaurant tremp\u00e9.<br \/>\nb) Il est interdit de d\u00e9placer les meubles de l\u2019int\u00e9rieur de l\u2019h\u00f4tel vers des zones telles que les piscines, les terrasses ou de les utiliser \u00e0 d\u2019autres fins que celles pour lesquelles ils ont \u00e9t\u00e9 initialement destin\u00e9s.<br \/>\nc) La consommation de boissons apport\u00e9es de l\u2019ext\u00e9rieur de l\u2019h\u00f4tel n\u2019est pas autoris\u00e9e dans les zones publiques de l\u2019h\u00f4tel.<br \/>\nd) Il est interdit de fumer dans l\u2019ensemble de l\u2019\u00e9tablissement, sauf dans les espaces ext\u00e9rieurs am\u00e9nag\u00e9s par l\u2019h\u00f4tel.<br \/>\ne) Une prudence suffisante dans l\u2019utilisation des fers \u00e0 repasser, des appareils \u00e9lectriques ou des objets qui provoquent de la chaleur, du feu ou des \u00e9tincelles doit \u00eatre appliqu\u00e9e dans chaque logement sous la responsabilit\u00e9 du client.<br \/>\nf) La collaboration en vue de permettre l\u2019acc\u00e8s \u00e0 des personnes ne s\u00e9journant pas dans l\u2019\u00e9tablissement h\u00f4telier est interdite. Cet acc\u00e8s doit \u00eatre express\u00e9ment autoris\u00e9 par \u00e9crit par le personnel de l\u2019h\u00f4tel.<br \/>\ng) Il est strictement interdit aux clients de la formule \u00ab tout compris \u00bb de partager des boissons avec d\u2019autres clients.<br \/>\nh) Il est interdit de r\u00e9server les chaises longues de la piscine en y laissant des serviettes ou des effets personnels. Le personnel de l\u2019h\u00f4tel enl\u00e8vera les serviettes et les effets personnels laiss\u00e9s.<br \/>\ni) Cet \u00e9tablissement n\u2019accepte pas les paiements en esp\u00e8ces dans les bars et restaurants. Tous les clients s\u00e9journant \u00e0 l\u2019h\u00f4tel disposeront d\u2019un syst\u00e8me de cr\u00e9dit, toutes leurs consommations \u00e9tant factur\u00e9es directement dans leur chambre et pourront \u00eatre r\u00e9gl\u00e9es \u00e0 la r\u00e9ception \u00e0 tout moment \u00e0 leur convenance. Les clients pourront \u00e9galement, s\u2019ils le souhaitent, payer par carte de cr\u00e9dit au moment de l\u2019achat (les paiements en esp\u00e8ces ne peuvent \u00eatre effectu\u00e9s qu\u2019\u00e0 la r\u00e9ception de l\u2019h\u00f4tel).<br \/>\nj) En cas de d\u00e9tection d\u2019op\u00e9rations ou de pratiques frauduleuses dans l\u2019utilisation du service de cr\u00e9dit propos\u00e9 par l\u2019\u00e9tablissement \u00e0 tous ses clients, il en sera inform\u00e9. Les facilit\u00e9s de cr\u00e9dit pourront \u00eatre modifi\u00e9es ou annul\u00e9es par d\u00e9cision de l\u2019h\u00f4tel.<br \/>\nk) Les chambres sont \u00e9quip\u00e9es de s\u00e9choirs \u00e0 linge, il est donc interdit d\u2019accrocher du linge sur les rampes d\u2019escalier des chambres.<br \/>\nl) Il est interdit d\u2019emporter de la nourriture hors des restaurants de l\u2019h\u00f4tel.<br \/>\nm) Il est interdit d\u2019emporter des serviettes en dehors de l\u2019h\u00f4tel. Tous les services de l\u2019h\u00f4tel sont \u00e0 usage exclusif \u00e0 l\u2019int\u00e9rieur de celui-ci.<br \/>\nn) Il est interdit de cuisiner \u00e0 l\u2019aide de r\u00e9chauds portables dans les chambres.<br \/>\no) Les animaux de compagnie ne sont pas admis, sauf exceptions express\u00e9ment accept\u00e9es au pr\u00e9alable par la direction de l\u2019h\u00f4tel pour chaque utilisateur (diversit\u00e9 fonctionnelle).<br \/>\np) Balconing est interdit. L\u2019\u00e9tablissement h\u00f4telier n\u2019est pas responsable des dommages corporels caus\u00e9s \u00e0 lui-m\u00eame par un client qui s\u2019adonne \u00e0 la pratique du balconing. L\u2019\u00e9tablissement h\u00f4telier r\u00e9clame au client qui pratique le \u00ab\u00a0balconing\u00a0\u00bb les dommages caus\u00e9s \u00e0 l\u2019\u00e9tablissement (dommages mat\u00e9riels ou autres d\u00e9penses) et qui sont la cons\u00e9quence directe du balconing. La r\u00e9alisation de balconing par un client de l\u2019h\u00f4tel peut \u00eatre sanctionn\u00e9e par l\u2019expulsion de l\u2019\u00e9tablissement h\u00f4telier, sans que cela ne donne lieu \u00e0 un quelconque droit de remboursement ou de paiement par l\u2019h\u00f4tel au client. Si n\u00e9cessaire, il sera fait appel \u00e0 l\u2019assistance des forces et organes de s\u00e9curit\u00e9 de l\u2019\u00c9tat (police). Tous les frais encourus par l\u2019h\u00f4tel pour aider le client sont \u00e0 la charge du client.<\/p>\n<p><strong>3.- RECOMMANDATIONS EN MATI\u00c8RE DE S\u00c9CURIT\u00c9 PENDANT VOTRE S\u00c9JOUR<\/strong><\/p>\n<p>a) Surveillez et contr\u00f4lez vos valises, ne les laissez pas sans surveillance.<br \/>\nb) Fermez la porte de votre chambre lorsque vous sortez et essayez de l\u2019ouvrir \u00e0 nouveau pour vous assurer qu\u2019elle est bien ferm\u00e9e.<br \/>\nc) Lorsque vous \u00eates dans la chambre, gardez la porte bien ferm\u00e9e, m\u00eame si ce n\u2019est que pour un court instant.<br \/>\nd)Fermez vos valises lorsque vous ne les utilisez pas et rangez-les dans votre armoire. Si vos valises ont un cadenas, utilisez-le toujours.<br \/>\ne) Prot\u00e9gez la cl\u00e9 de votre chambre. Ne d\u00e9posez pas simplement la cl\u00e9 sur le comptoir de la r\u00e9ception. Remettez toujours la cl\u00e9 en main propre avant de partir.<br \/>\nf) Ne conservez pas la carte d\u2019ouverture de la chambre avec tout document indiquant le num\u00e9ro de l\u2019\u00e9tablissement ou de la chambre.<br \/>\ng) Signalez imm\u00e9diatement \u00e0 la direction tout fait inhabituel que vous remarquez, tel que : des personnes suspectes dans les couloirs, des appels t\u00e9l\u00e9phoniques r\u00e9p\u00e9t\u00e9s de personnes non identifi\u00e9es, des coups frapp\u00e9s \u00e0 la porte de votre chambre par des personnes qui vous sont inconnues, ou le fait de ne trouver personne lorsque vous allez ouvrir votre chambre.<br \/>\nh) N\u2019invitez pas d\u2019\u00e9trangers dans votre chambre et ne leur communiquez pas votre num\u00e9ro de chambre.<br \/>\ni) Ne permettez pas au personnel de r\u00e9paration d\u2019entrer dans votre chambre sans y \u00eatre invit\u00e9 ou autoris\u00e9 par la direction.<br \/>\nj) Des coffres-forts sont \u00e0 votre disposition dans votre chambre. Veuillez vous renseigner aupr\u00e8s de la r\u00e9ception pour conna\u00eetre les conditions de leur utilisation correcte. L\u2019\u00e9tablissement ne sera pas responsable des dommages caus\u00e9s aux objets qui ne se trouvent pas dans ces coffres-forts.<\/p>\n<p><strong>La direction<\/strong><br \/>\nLe pr\u00e9sent r\u00e8glement est \u00e0 la disposition des clients sur le site web et \u00e0 la r\u00e9ception de chaque h\u00f4tel.<\/p>\n\t\t\t\t\t\t<\/div>\n\t\t\t\t<\/div>\n\t\t\t\t\t<\/div>\n\t\t\t\t<\/div>\n\t\t\t\t<\/div>\n\t\t","protected":false},"excerpt":{"rendered":"<p>GF HOTELES P\u00e1gina<\/p>\n","protected":false},"author":2,"featured_media":10124,"parent":0,"menu_order":105,"comment_status":"closed","ping_status":"closed","template":"","meta":{"_acf_changed":false,"footnotes":""},"hotel":[913],"class_list":{"0":"post-20052","1":"page","2":"type-page","3":"status-publish","4":"has-post-thumbnail","6":"hotel-gf-hoteles-fr"},"acf":[],"publishpress_future_action":{"enabled":false,"date":"2026-04-25 20:43:17","action":"change-status","newStatus":"draft","terms":[],"taxonomy":"translation_priority"},"_links":{"self":[{"href":"https:\/\/gfhoteles.thethinkin.com\/fr\/wp-json\/wp\/v2\/pages\/20052"}],"collection":[{"href":"https:\/\/gfhoteles.thethinkin.com\/fr\/wp-json\/wp\/v2\/pages"}],"about":[{"href":"https:\/\/gfhoteles.thethinkin.com\/fr\/wp-json\/wp\/v2\/types\/page"}],"author":[{"embeddable":true,"href":"https:\/\/gfhoteles.thethinkin.com\/fr\/wp-json\/wp\/v2\/users\/2"}],"replies":[{"embeddable":true,"href":"https:\/\/gfhoteles.thethinkin.com\/fr\/wp-json\/wp\/v2\/comments?post=20052"}],"version-history":[{"count":0,"href":"https:\/\/gfhoteles.thethinkin.com\/fr\/wp-json\/wp\/v2\/pages\/20052\/revisions"}],"wp:featuredmedia":[{"embeddable":true,"href":"https:\/\/gfhoteles.thethinkin.com\/fr\/wp-json\/wp\/v2\/media\/10124"}],"wp:attachment":[{"href":"https:\/\/gfhoteles.thethinkin.com\/fr\/wp-json\/wp\/v2\/media?parent=20052"}],"wp:term":[{"taxonomy":"hotel","embeddable":true,"href":"https:\/\/gfhoteles.thethinkin.com\/fr\/wp-json\/wp\/v2\/hotel?post=20052"}],"curies":[{"name":"wp","href":"https:\/\/api.w.org\/{rel}","templated":true}]}}